{"id":298,"date":"2018-10-21T11:01:20","date_gmt":"2018-10-21T09:01:20","guid":{"rendered":"http:\/\/lc2tech.fr\/index.php\/materialis\/"},"modified":"2021-06-29T17:09:44","modified_gmt":"2021-06-29T15:09:44","slug":"materialis","status":"publish","type":"page","link":"http:\/\/lc2tech.fr\/","title":{"rendered":"ACCUEIL"},"content":{"rendered":"<div  class=\"features-16-card-bordered content-section content-section-spacing-large\" id=\"features-2\" style=\"background-image: none; background-color: rgb(245, 250, 253);\" data-category=\"features\" data-id=\"features--2\" abp=\"15971\" data-export-id=\"features-16-card-bordered\" data-label=\"Features\">\n<div  abp=\"15972\">\n<div  class=\"row text-center\" abp=\"15973\">\n<div  class=\"section-title-col\" data-type=\"column\" abp=\"15974\">\n<h2  abp=\"15975\" class=\"\"><span  style=\"font-weight: 500; font-family: Aclonica, arial, helvetica, sans-serif; color: rgba(0, 154, 249, 0.99);\">NOS SOLUTIONS<\/span><span  id=\"_mce_caret\" data-mce-bogus=\"1\" data-mce-type=\"format-caret\"><span  style=\"font-weight: 500; font-family: Aclonica, arial, helvetica, sans-serif; color: rgba(0, 154, 249, 0.99);\">\ufeff<\/span><\/span><span  id=\"_mce_caret\" data-mce-bogus=\"1\" data-mce-type=\"format-caret\"><span  style=\"color: rgba(0, 154, 249, 0.99); font-family: Aclonica, arial, helvetica, sans-serif; font-weight: 500;\">\ufeff<\/span><\/span><span  id=\"_mce_caret\" data-mce-bogus=\"1\" data-mce-type=\"format-caret\"><span  style=\"font-family: Aclonica, arial, helvetica, sans-serif; color: rgba(0, 154, 249, 0.99); font-weight: 500;\">\ufeff<\/span><\/span><\/h2>\n<\/div>\n<\/div>\n<div  class=\"row spaced-cols content-center-sm start-sm\" data-type=\"row\" abp=\"15976\">\n<div  class=\"col-xs-12 col-sm-6 col-md-4\" abp=\"15977\">\n<div  class=\"card mdc-elevation--z3 no-padding y-move\" abp=\"15978\">\n\n<a href=\"https:\/\/lc2tech.fr\/index.php\/serenitech\" target=\"_self\" rel=\"noopener noreferrer\" abp=\"15979\" class=\"\"><img decoding=\"async\"  class=\"face\" src=\"http:\/\/lc2tech.fr\/wp-content\/uploads\/2019\/10\/1.-BOB-medecin-400x441-Finish2.jpg\" abp=\"15980\"><\/a>\n<div  class=\"col-padding-small col-padding-small-xs description-container\" data-type=\"column\" abp=\"15981\">\n\n<a class=\"link\" href=\"https:\/\/lc2tech.fr\/index.php\/serenitech\" target=\"_self\" abp=\"15982\" data-cp-link=\"1\" rel=\"noopener noreferrer\">Serenitech<\/a>\n<p  abp=\"15983\" class=\"\" style=\"text-align: justify;\"><span  style=\"font-family: arial, helvetica, sans-serif; font-weight: 400; color: rgb(0, 0, 0);\">Choisissez la solution d\u2019assistance informatique la mieux adapt\u00e9e \u00e0 votre probl\u00e8me.<\/span><\/p>\n\n<\/div>\n<div  class=\"col-padding-small col-padding-small-xs read-more-container\" data-type=\"column\" abp=\"15984\"><\/div>\n<\/div>\n<\/div>\n<div  class=\"col-xs-12 col-sm-6 col-md-4\" abp=\"15985\">\n<div  class=\"card mdc-elevation--z3 no-padding y-move\" abp=\"15986\">\n\n<a href=\"https:\/\/lc2tech.fr\/index.php\/cloudtech\" target=\"_self\" rel=\"noopener noreferrer\" abp=\"15987\" class=\"\"><img decoding=\"async\"  class=\"face\" src=\"http:\/\/lc2tech.fr\/wp-content\/uploads\/2019\/10\/2.-BOB-Cloudtech-finish.jpg\" abp=\"15988\"><\/a>\n<div  class=\"col-padding-small col-padding-small-xs description-container\" data-type=\"column\" abp=\"15989\">\n<a class=\"link\" href=\"https:\/\/lc2tech.fr\/index.php\/cloudtech\" target=\"_self\" abp=\"15990\" data-cp-link=\"1\" rel=\"noopener noreferrer\">Cloudtech<\/a>\n<p  abp=\"15991\" class=\"\" style=\"text-align: justify;\"><span  style=\"font-family: arial, helvetica, sans-serif; font-weight: 400; color: rgb(0, 0, 0);\">Optez pour des solutions&nbsp;plus s\u00e9curis\u00e9es et plus performantes vers votre&nbsp;Cloud.<\/span><\/p>\n\n<\/div>\n<div  class=\"col-padding-small col-padding-small-xs read-more-container\" data-type=\"column\" abp=\"15992\"><\/div>\n<\/div>\n<\/div>\n<div  class=\"col-xs-12 col-sm-6 col-md-4\" abp=\"15993\">\n<div  class=\"card mdc-elevation--z3 no-padding y-move\" abp=\"15994\">\n\n<a href=\"https:\/\/lc2tech.fr\" target=\"_self\" rel=\"noopener noreferrer\" abp=\"15995\" class=\"\"><img decoding=\"async\"  class=\"face\" src=\"http:\/\/lc2tech.fr\/wp-content\/uploads\/2019\/11\/3.-BOB-vente-400x441-Finish-2.jpg\" abp=\"15996\"><\/a>\n<div  class=\"col-padding-small col-padding-small-xs description-container\" data-type=\"column\" abp=\"15997\">\n\n<a class=\"link\" href=\"https:\/\/lc2tech.fr\" target=\"_self\" abp=\"15998\" data-cp-link=\"1\" rel=\"noopener noreferrer\">Revendeur de mat\u00e9riel<\/a>\n\n<p  abp=\"15999\" class=\"\" style=\"text-align: justify;\"><span  style=\"font-family: arial, helvetica, sans-serif; font-weight: 400; color: rgb(0, 0, 0);\">Achetez&nbsp; en&nbsp;&nbsp; toute s\u00e9curit\u00e9&nbsp; du&nbsp;&nbsp; mat\u00e9riel &nbsp; informatique&nbsp;&nbsp; \nde\n&nbsp;\nqualit\u00e9 professionnelle.<\/span><\/p><\/div>\n<div  class=\"col-padding-small col-padding-small-xs read-more-container\" data-type=\"column\" abp=\"16000\"><\/div>\n<\/div>\n<\/div>\n<\/div>\n<\/div>\n<\/div>","protected":false},"excerpt":{"rendered":"","protected":false},"author":3,"featured_media":0,"parent":0,"menu_order":2,"comment_status":"closed","ping_status":"closed","template":"page-templates\/homepage.php","meta":{"footnotes":""},"class_list":["post-298","page","type-page","status-publish","hentry"],"yoast_head":"<!-- This site is optimized with the Yoast SEO plugin v23.5 - https:\/\/yoast.com\/wordpress\/plugins\/seo\/ -->\n<title>ACCUEIL -<\/title>\n<meta name=\"robots\" content=\"index, follow, max-snippet:-1, max-image-preview:large, max-video-preview:-1\" \/>\n<link rel=\"canonical\" href=\"http:\/\/lc2tech.fr\/\" \/>\n<meta property=\"og:locale\" content=\"fr_FR\" \/>\n<meta property=\"og:type\" content=\"article\" \/>\n<meta property=\"og:title\" content=\"ACCUEIL -\" \/>\n<meta property=\"og:url\" content=\"http:\/\/lc2tech.fr\/\" \/>\n<meta property=\"article:publisher\" content=\"https:\/\/www.facebook.com\/Lc2Tech-101653581567462\" \/>\n<meta property=\"article:modified_time\" content=\"2021-06-29T15:09:44+00:00\" \/>\n<meta property=\"og:image\" content=\"http:\/\/lc2tech.fr\/wp-content\/uploads\/2019\/10\/1.-BOB-medecin-400x441-Finish2.jpg\" \/>\n<script type=\"application\/ld+json\" class=\"yoast-schema-graph\">{\"@context\":\"https:\/\/schema.org\",\"@graph\":[{\"@type\":\"WebPage\",\"@id\":\"http:\/\/lc2tech.fr\/\",\"url\":\"http:\/\/lc2tech.fr\/\",\"name\":\"ACCUEIL -\",\"isPartOf\":{\"@id\":\"http:\/\/lc2tech.fr\/#website\"},\"primaryImageOfPage\":{\"@id\":\"http:\/\/lc2tech.fr\/#primaryimage\"},\"image\":{\"@id\":\"http:\/\/lc2tech.fr\/#primaryimage\"},\"thumbnailUrl\":\"http:\/\/lc2tech.fr\/wp-content\/uploads\/2019\/10\/1.-BOB-medecin-400x441-Finish2.jpg\",\"datePublished\":\"2018-10-21T09:01:20+00:00\",\"dateModified\":\"2021-06-29T15:09:44+00:00\",\"breadcrumb\":{\"@id\":\"http:\/\/lc2tech.fr\/#breadcrumb\"},\"inLanguage\":\"fr-FR\",\"potentialAction\":[{\"@type\":\"ReadAction\",\"target\":[\"http:\/\/lc2tech.fr\/\"]}]},{\"@type\":\"ImageObject\",\"inLanguage\":\"fr-FR\",\"@id\":\"http:\/\/lc2tech.fr\/#primaryimage\",\"url\":\"http:\/\/lc2tech.fr\/wp-content\/uploads\/2019\/10\/1.-BOB-medecin-400x441-Finish2.jpg\",\"contentUrl\":\"http:\/\/lc2tech.fr\/wp-content\/uploads\/2019\/10\/1.-BOB-medecin-400x441-Finish2.jpg\",\"width\":440,\"height\":441},{\"@type\":\"BreadcrumbList\",\"@id\":\"http:\/\/lc2tech.fr\/#breadcrumb\",\"itemListElement\":[{\"@type\":\"ListItem\",\"position\":1,\"name\":\"Accueil\",\"item\":\"http:\/\/lc2tech.fr\/\"},{\"@type\":\"ListItem\",\"position\":2,\"name\":\"ACCUEIL\"}]},{\"@type\":\"WebSite\",\"@id\":\"http:\/\/lc2tech.fr\/#website\",\"url\":\"http:\/\/lc2tech.fr\/\",\"name\":\"Lc2Tech\",\"description\":\"Votre partenaire informatique\",\"publisher\":{\"@id\":\"http:\/\/lc2tech.fr\/#organization\"},\"potentialAction\":[{\"@type\":\"SearchAction\",\"target\":{\"@type\":\"EntryPoint\",\"urlTemplate\":\"http:\/\/lc2tech.fr\/?s={search_term_string}\"},\"query-input\":{\"@type\":\"PropertyValueSpecification\",\"valueRequired\":true,\"valueName\":\"search_term_string\"}}],\"inLanguage\":\"fr-FR\"},{\"@type\":\"Organization\",\"@id\":\"http:\/\/lc2tech.fr\/#organization\",\"name\":\"http:\/\/lc2tech.fr\",\"url\":\"http:\/\/lc2tech.fr\/\",\"logo\":{\"@type\":\"ImageObject\",\"inLanguage\":\"fr-FR\",\"@id\":\"http:\/\/lc2tech.fr\/#\/schema\/logo\/image\/\",\"url\":\"https:\/\/lc2tech.fr\/wp-content\/uploads\/2018\/09\/Web-icone.jpg\",\"contentUrl\":\"https:\/\/lc2tech.fr\/wp-content\/uploads\/2018\/09\/Web-icone.jpg\",\"width\":345,\"height\":355,\"caption\":\"http:\/\/lc2tech.fr\"},\"image\":{\"@id\":\"http:\/\/lc2tech.fr\/#\/schema\/logo\/image\/\"},\"sameAs\":[\"https:\/\/www.facebook.com\/Lc2Tech-101653581567462\",\"http:\/\/www.linkedin.com\/in\/lionel-cabaret-800086a0\"]}]}<\/script>\n<!-- \/ Yoast SEO plugin. -->","yoast_head_json":{"title":"ACCUEIL -","robots":{"index":"index","follow":"follow","max-snippet":"max-snippet:-1","max-image-preview":"max-image-preview:large","max-video-preview":"max-video-preview:-1"},"canonical":"http:\/\/lc2tech.fr\/","og_locale":"fr_FR","og_type":"article","og_title":"ACCUEIL -","og_url":"http:\/\/lc2tech.fr\/","article_publisher":"https:\/\/www.facebook.com\/Lc2Tech-101653581567462","article_modified_time":"2021-06-29T15:09:44+00:00","og_image":[{"url":"http:\/\/lc2tech.fr\/wp-content\/uploads\/2019\/10\/1.-BOB-medecin-400x441-Finish2.jpg"}],"schema":{"@context":"https:\/\/schema.org","@graph":[{"@type":"WebPage","@id":"http:\/\/lc2tech.fr\/","url":"http:\/\/lc2tech.fr\/","name":"ACCUEIL -","isPartOf":{"@id":"http:\/\/lc2tech.fr\/#website"},"primaryImageOfPage":{"@id":"http:\/\/lc2tech.fr\/#primaryimage"},"image":{"@id":"http:\/\/lc2tech.fr\/#primaryimage"},"thumbnailUrl":"http:\/\/lc2tech.fr\/wp-content\/uploads\/2019\/10\/1.-BOB-medecin-400x441-Finish2.jpg","datePublished":"2018-10-21T09:01:20+00:00","dateModified":"2021-06-29T15:09:44+00:00","breadcrumb":{"@id":"http:\/\/lc2tech.fr\/#breadcrumb"},"inLanguage":"fr-FR","potentialAction":[{"@type":"ReadAction","target":["http:\/\/lc2tech.fr\/"]}]},{"@type":"ImageObject","inLanguage":"fr-FR","@id":"http:\/\/lc2tech.fr\/#primaryimage","url":"http:\/\/lc2tech.fr\/wp-content\/uploads\/2019\/10\/1.-BOB-medecin-400x441-Finish2.jpg","contentUrl":"http:\/\/lc2tech.fr\/wp-content\/uploads\/2019\/10\/1.-BOB-medecin-400x441-Finish2.jpg","width":440,"height":441},{"@type":"BreadcrumbList","@id":"http:\/\/lc2tech.fr\/#breadcrumb","itemListElement":[{"@type":"ListItem","position":1,"name":"Accueil","item":"http:\/\/lc2tech.fr\/"},{"@type":"ListItem","position":2,"name":"ACCUEIL"}]},{"@type":"WebSite","@id":"http:\/\/lc2tech.fr\/#website","url":"http:\/\/lc2tech.fr\/","name":"Lc2Tech","description":"Votre partenaire informatique","publisher":{"@id":"http:\/\/lc2tech.fr\/#organization"},"potentialAction":[{"@type":"SearchAction","target":{"@type":"EntryPoint","urlTemplate":"http:\/\/lc2tech.fr\/?s={search_term_string}"},"query-input":{"@type":"PropertyValueSpecification","valueRequired":true,"valueName":"search_term_string"}}],"inLanguage":"fr-FR"},{"@type":"Organization","@id":"http:\/\/lc2tech.fr\/#organization","name":"http:\/\/lc2tech.fr","url":"http:\/\/lc2tech.fr\/","logo":{"@type":"ImageObject","inLanguage":"fr-FR","@id":"http:\/\/lc2tech.fr\/#\/schema\/logo\/image\/","url":"https:\/\/lc2tech.fr\/wp-content\/uploads\/2018\/09\/Web-icone.jpg","contentUrl":"https:\/\/lc2tech.fr\/wp-content\/uploads\/2018\/09\/Web-icone.jpg","width":345,"height":355,"caption":"http:\/\/lc2tech.fr"},"image":{"@id":"http:\/\/lc2tech.fr\/#\/schema\/logo\/image\/"},"sameAs":["https:\/\/www.facebook.com\/Lc2Tech-101653581567462","http:\/\/www.linkedin.com\/in\/lionel-cabaret-800086a0"]}]}},"_links":{"self":[{"href":"http:\/\/lc2tech.fr\/index.php\/wp-json\/wp\/v2\/pages\/298","targetHints":{"allow":["GET"]}}],"collection":[{"href":"http:\/\/lc2tech.fr\/index.php\/wp-json\/wp\/v2\/pages"}],"about":[{"href":"http:\/\/lc2tech.fr\/index.php\/wp-json\/wp\/v2\/types\/page"}],"author":[{"embeddable":true,"href":"http:\/\/lc2tech.fr\/index.php\/wp-json\/wp\/v2\/users\/3"}],"replies":[{"embeddable":true,"href":"http:\/\/lc2tech.fr\/index.php\/wp-json\/wp\/v2\/comments?post=298"}],"version-history":[{"count":319,"href":"http:\/\/lc2tech.fr\/index.php\/wp-json\/wp\/v2\/pages\/298\/revisions"}],"predecessor-version":[{"id":3252,"href":"http:\/\/lc2tech.fr\/index.php\/wp-json\/wp\/v2\/pages\/298\/revisions\/3252"}],"wp:attachment":[{"href":"http:\/\/lc2tech.fr\/index.php\/wp-json\/wp\/v2\/media?parent=298"}],"curies":[{"name":"wp","href":"https:\/\/api.w.org\/{rel}","templated":true}]}}