{"id":2920,"date":"2019-06-04T17:31:59","date_gmt":"2019-06-04T15:31:59","guid":{"rendered":"http:\/\/lc2tech.fr\/?page_id=2920"},"modified":"2019-10-27T09:18:17","modified_gmt":"2019-10-27T08:18:17","slug":"serenitech","status":"publish","type":"page","link":"http:\/\/lc2tech.fr\/index.php\/serenitech\/","title":{"rendered":"SERENITECH"},"content":{"rendered":"<h1 style=\"text-align: center;\"><span style=\"color: #ff6600;\">Pr\u00e9sentation de l&rsquo;assistance<\/span><\/h1>\n<h4><span style=\"color: #000000;\">Chez Lc2Tech, nous savons combien un dysfonctionnement sur votre installation informatique peut rapidement devenir laborieux et avoir un impact sur le rendement de votre entreprise. C\u2019est pourquoi nous avons mis au point la gamme SERENITECH, un service d\u2019assistance technique et de maintenance d\u00e9di\u00e9e au bon fonctionnement de votre syst\u00e8me informatique.<\/span><\/h4>\n<h4><span style=\"color: #333333;\"><strong>Cette assistance technique comporte<\/strong> :<\/span><\/h4>\n<h4><span style=\"color: #333333;\">&#8211; Une assistance utilisateur<\/span><br \/><span style=\"color: #333333;\">&#8211; L&rsquo;intervention sur site<\/span><br \/><span style=\"color: #333333;\">&#8211; Une administration Syst\u00e8me &amp; R\u00e9seaux<\/span><\/h4>\n<h4>\u00a0<\/h4>\n<h4><span style=\"color: #333333;\"><strong>Lc2Tech s\u2019engage donc au plus pr\u00e8s de votre entreprise pour r\u00e9gler les \u00e9ventuels dysfonctionnements avec :<\/strong><\/span><\/h4>\n<h4>\u00a0<\/h4>\n<h4 style=\"text-align: left;\"><span style=\"color: #333333;\"><strong>Un Centre d\u2019assistance dit le \u00ab support \u00bb<\/strong><\/span><\/h4>\n<h4 style=\"text-align: left;\"><span style=\"color: #333333;\"><img loading=\"lazy\" decoding=\"async\" class=\"alignleft wp-image-2952\" src=\"http:\/\/lc2tech.fr\/wp-content\/uploads\/2019\/06\/distance.png\" alt=\"\" width=\"115\" height=\"115\" \/>Notre service de support hotline est l\u00e0 pour pouvoir agir au plus vite et limiter ainsi votre perte de productivit\u00e9.<br \/>Nos techniciens sont capables de r\u00e9soudre de nombreux types d\u2019incidents en t\u00e9l\u00e9maintenance (prise en main du pc \u00e0 distance via une connexion internet), ce qui vous permet de limiter le temps d\u2019immobilisation de votre ordinateur et d\u2019\u00e9viter l\u2019attente du passage d\u2019un technicien sur site.<\/span><\/h4>\n<h4>\u00a0<\/h4>\n<h4>\u00a0<\/h4>\n<h4 style=\"text-align: left;\"><span style=\"color: #333333;\"><strong>Intervention de d\u00e9pannage sur site<br \/><\/strong><\/span><br \/><span style=\"color: #333333;\"><img loading=\"lazy\" decoding=\"async\" class=\"alignleft wp-image-2944\" src=\"http:\/\/lc2tech.fr\/wp-content\/uploads\/2019\/06\/domicile.png\" alt=\"\" width=\"115\" height=\"115\" \/>Certain dysfonctionnement sont li\u00e9s \u00e0 des probl\u00e8mes physiques de votre pc, serveur,<\/span><br \/><span style=\"color: #333333;\">mat\u00e9riel r\u00e9seau\u2026 Le passage d\u2019un technicien est donc absolument n\u00e9cessaire. Les techniciens <strong>LC2Tech<\/strong> se d\u00e9placent partout en \u00eele de France.<\/span><\/h4>\n<h4>\u00a0<\/h4>\n<h4>\u00a0<\/h4>\n<h4 style=\"text-align: left;\"><span style=\"color: #333333;\"><strong>Administration Syst\u00e8me &amp; R\u00e9seaux<br \/><\/strong><\/span><br \/><span style=\"color: #333333;\"><img loading=\"lazy\" decoding=\"async\" class=\"alignleft wp-image-2953\" src=\"http:\/\/lc2tech.fr\/wp-content\/uploads\/2019\/06\/internet.png\" alt=\"\" width=\"115\" height=\"115\" \/>Lorsque votre entreprise se d\u00e9veloppe, votre r\u00e9seau informatique s\u2019accro\u00eet \u00e9galement (pc, serveur, imprimante, scanner, switch r\u00e9seau, etc\u2026) qu&rsquo;il faut par la suite g\u00e9rer.<br \/>Ce r\u00e9seau informatique ne peut \u00eatre livr\u00e9 \u00e0 lui-m\u00eame sous peine de se retrouver avec un dysfonctionnement important, pouvant entra\u00eener des pertes de donn\u00e9es de l\u2019entreprise et l\u2019intrusion ext\u00e9rieur de personnes malveillantes.<br \/>Il est donc primordial que votre entreprise puisse compter sur une infrastructure fiable, disponible et optimis\u00e9e.\u00a0<\/span><\/h4>\n<h4 style=\"text-align: left;\"><span style=\"color: #333333;\"><strong> LC2Tech rassemble diverses missions visant \u00e0 doter votre entreprise d\u2019un syst\u00e8me d\u2019information performant et s\u00e9curis\u00e9.<\/strong><\/span><\/h4>\n<h4 style=\"text-align: center;\">\u00a0<\/h4>\n<h4 style=\"text-align: left;\"><span style=\"color: #333333;\"><strong>Nous pourrons par exemple ainsi r\u00e9aliser pour vous<\/strong> :<\/span><br \/><span style=\"color: #333333;\">\u2013 Installation de vos postes de travail (Pc, Pc portable) que nous interconnecterons avec votre r\u00e9seau.<\/span><br \/><span style=\"color: #333333;\">\u2013 Effectuer la maintenance pr\u00e9ventive des pc Windows (mise \u00e0 jour et support syst\u00e8me).<\/span><br \/><span style=\"color: #333333;\">\u2013 Installation Switch r\u00e9seau avec son administration.<\/span><br \/><span style=\"color: #333333;\">\u2013 Installation d\u2019Imprimante r\u00e9seau.<\/span><br \/><span style=\"color: #333333;\">\u2013 Installation Serveur Microsoft Windows.<\/span><br \/><span style=\"color: #333333;\">\u2013 Gestion des sauvegardes et restauration des donn\u00e9es, mise \u00e0 jour et support Serveur.<\/span><\/h4>\n<h4>\u00a0<\/h4>\n<h4 style=\"text-align: center;\"><span style=\"color: #000000;\"><span style=\"color: #333333;\"><strong>N\u2019h\u00e9sitez plus, assurez la s\u00e9curit\u00e9 de votre syst\u00e8me en faisant appel \u00e0 LC2Tech !<\/strong><\/span><\/span><\/h4>\n<h4><a href=\"http:\/\/lc2tech.fr\/index.php\/contact\/\" target=\"_blank\" rel=\"noopener noreferrer\"><img loading=\"lazy\" decoding=\"async\" class=\"aligncenter wp-image-2914 size-full\" src=\"http:\/\/lc2tech.fr\/wp-content\/uploads\/2019\/06\/BOB-@refais.png\" alt=\"\" width=\"150\" height=\"212\" \/><\/a><\/h4>\n\n\n<p><\/p>\n","protected":false},"excerpt":{"rendered":"<p>Pr\u00e9sentation de l&rsquo;assistance Chez Lc2Tech, nous savons combien un dysfonctionnement sur votre installation informatique peut rapidement devenir laborieux et avoir un impact sur le rendement de votre entreprise. C\u2019est pourquoi nous avons mis au point la gamme SERENITECH, un service d\u2019assistance technique et de maintenance d\u00e9di\u00e9e au bon fonctionnement de votre syst\u00e8me informatique. Cette assistance&nbsp;&hellip;<\/p>\n","protected":false},"author":3,"featured_media":0,"parent":0,"menu_order":0,"comment_status":"closed","ping_status":"closed","template":"","meta":{"footnotes":""},"class_list":["post-2920","page","type-page","status-publish","hentry"],"yoast_head":"<!-- This site is optimized with the Yoast SEO plugin v23.5 - https:\/\/yoast.com\/wordpress\/plugins\/seo\/ -->\n<title>SERENITECH -<\/title>\n<meta name=\"robots\" content=\"index, follow, max-snippet:-1, max-image-preview:large, max-video-preview:-1\" \/>\n<link rel=\"canonical\" href=\"http:\/\/lc2tech.fr\/index.php\/serenitech\/\" \/>\n<meta property=\"og:locale\" content=\"fr_FR\" \/>\n<meta property=\"og:type\" content=\"article\" \/>\n<meta property=\"og:title\" content=\"SERENITECH -\" \/>\n<meta property=\"og:description\" content=\"Pr\u00e9sentation de l&rsquo;assistance Chez Lc2Tech, nous savons combien un dysfonctionnement sur votre installation informatique peut rapidement devenir laborieux et avoir un impact sur le rendement de votre entreprise. C\u2019est pourquoi nous avons mis au point la gamme SERENITECH, un service d\u2019assistance technique et de maintenance d\u00e9di\u00e9e au bon fonctionnement de votre syst\u00e8me informatique. Cette assistance&nbsp;&hellip;\" \/>\n<meta property=\"og:url\" content=\"http:\/\/lc2tech.fr\/index.php\/serenitech\/\" \/>\n<meta property=\"article:publisher\" content=\"https:\/\/www.facebook.com\/Lc2Tech-101653581567462\" \/>\n<meta property=\"article:modified_time\" content=\"2019-10-27T08:18:17+00:00\" \/>\n<meta property=\"og:image\" content=\"http:\/\/lc2tech.fr\/wp-content\/uploads\/2019\/06\/distance.png\" \/>\n<meta name=\"twitter:label1\" content=\"Dur\u00e9e de lecture estim\u00e9e\" \/>\n\t<meta name=\"twitter:data1\" content=\"2 minutes\" \/>\n<script type=\"application\/ld+json\" class=\"yoast-schema-graph\">{\"@context\":\"https:\/\/schema.org\",\"@graph\":[{\"@type\":\"WebPage\",\"@id\":\"http:\/\/lc2tech.fr\/index.php\/serenitech\/\",\"url\":\"http:\/\/lc2tech.fr\/index.php\/serenitech\/\",\"name\":\"SERENITECH -\",\"isPartOf\":{\"@id\":\"http:\/\/lc2tech.fr\/#website\"},\"primaryImageOfPage\":{\"@id\":\"http:\/\/lc2tech.fr\/index.php\/serenitech\/#primaryimage\"},\"image\":{\"@id\":\"http:\/\/lc2tech.fr\/index.php\/serenitech\/#primaryimage\"},\"thumbnailUrl\":\"http:\/\/lc2tech.fr\/wp-content\/uploads\/2019\/06\/distance.png\",\"datePublished\":\"2019-06-04T15:31:59+00:00\",\"dateModified\":\"2019-10-27T08:18:17+00:00\",\"breadcrumb\":{\"@id\":\"http:\/\/lc2tech.fr\/index.php\/serenitech\/#breadcrumb\"},\"inLanguage\":\"fr-FR\",\"potentialAction\":[{\"@type\":\"ReadAction\",\"target\":[\"http:\/\/lc2tech.fr\/index.php\/serenitech\/\"]}]},{\"@type\":\"ImageObject\",\"inLanguage\":\"fr-FR\",\"@id\":\"http:\/\/lc2tech.fr\/index.php\/serenitech\/#primaryimage\",\"url\":\"http:\/\/lc2tech.fr\/wp-content\/uploads\/2019\/06\/distance.png\",\"contentUrl\":\"http:\/\/lc2tech.fr\/wp-content\/uploads\/2019\/06\/distance.png\",\"width\":95,\"height\":95},{\"@type\":\"BreadcrumbList\",\"@id\":\"http:\/\/lc2tech.fr\/index.php\/serenitech\/#breadcrumb\",\"itemListElement\":[{\"@type\":\"ListItem\",\"position\":1,\"name\":\"Accueil\",\"item\":\"http:\/\/lc2tech.fr\/\"},{\"@type\":\"ListItem\",\"position\":2,\"name\":\"SERENITECH\"}]},{\"@type\":\"WebSite\",\"@id\":\"http:\/\/lc2tech.fr\/#website\",\"url\":\"http:\/\/lc2tech.fr\/\",\"name\":\"Lc2Tech\",\"description\":\"Votre partenaire informatique\",\"publisher\":{\"@id\":\"http:\/\/lc2tech.fr\/#organization\"},\"potentialAction\":[{\"@type\":\"SearchAction\",\"target\":{\"@type\":\"EntryPoint\",\"urlTemplate\":\"http:\/\/lc2tech.fr\/?s={search_term_string}\"},\"query-input\":{\"@type\":\"PropertyValueSpecification\",\"valueRequired\":true,\"valueName\":\"search_term_string\"}}],\"inLanguage\":\"fr-FR\"},{\"@type\":\"Organization\",\"@id\":\"http:\/\/lc2tech.fr\/#organization\",\"name\":\"http:\/\/lc2tech.fr\",\"url\":\"http:\/\/lc2tech.fr\/\",\"logo\":{\"@type\":\"ImageObject\",\"inLanguage\":\"fr-FR\",\"@id\":\"http:\/\/lc2tech.fr\/#\/schema\/logo\/image\/\",\"url\":\"https:\/\/lc2tech.fr\/wp-content\/uploads\/2018\/09\/Web-icone.jpg\",\"contentUrl\":\"https:\/\/lc2tech.fr\/wp-content\/uploads\/2018\/09\/Web-icone.jpg\",\"width\":345,\"height\":355,\"caption\":\"http:\/\/lc2tech.fr\"},\"image\":{\"@id\":\"http:\/\/lc2tech.fr\/#\/schema\/logo\/image\/\"},\"sameAs\":[\"https:\/\/www.facebook.com\/Lc2Tech-101653581567462\",\"http:\/\/www.linkedin.com\/in\/lionel-cabaret-800086a0\"]}]}<\/script>\n<!-- \/ Yoast SEO plugin. -->","yoast_head_json":{"title":"SERENITECH -","robots":{"index":"index","follow":"follow","max-snippet":"max-snippet:-1","max-image-preview":"max-image-preview:large","max-video-preview":"max-video-preview:-1"},"canonical":"http:\/\/lc2tech.fr\/index.php\/serenitech\/","og_locale":"fr_FR","og_type":"article","og_title":"SERENITECH -","og_description":"Pr\u00e9sentation de l&rsquo;assistance Chez Lc2Tech, nous savons combien un dysfonctionnement sur votre installation informatique peut rapidement devenir laborieux et avoir un impact sur le rendement de votre entreprise. C\u2019est pourquoi nous avons mis au point la gamme SERENITECH, un service d\u2019assistance technique et de maintenance d\u00e9di\u00e9e au bon fonctionnement de votre syst\u00e8me informatique. Cette assistance&nbsp;&hellip;","og_url":"http:\/\/lc2tech.fr\/index.php\/serenitech\/","article_publisher":"https:\/\/www.facebook.com\/Lc2Tech-101653581567462","article_modified_time":"2019-10-27T08:18:17+00:00","og_image":[{"url":"http:\/\/lc2tech.fr\/wp-content\/uploads\/2019\/06\/distance.png"}],"twitter_misc":{"Dur\u00e9e de lecture estim\u00e9e":"2 minutes"},"schema":{"@context":"https:\/\/schema.org","@graph":[{"@type":"WebPage","@id":"http:\/\/lc2tech.fr\/index.php\/serenitech\/","url":"http:\/\/lc2tech.fr\/index.php\/serenitech\/","name":"SERENITECH -","isPartOf":{"@id":"http:\/\/lc2tech.fr\/#website"},"primaryImageOfPage":{"@id":"http:\/\/lc2tech.fr\/index.php\/serenitech\/#primaryimage"},"image":{"@id":"http:\/\/lc2tech.fr\/index.php\/serenitech\/#primaryimage"},"thumbnailUrl":"http:\/\/lc2tech.fr\/wp-content\/uploads\/2019\/06\/distance.png","datePublished":"2019-06-04T15:31:59+00:00","dateModified":"2019-10-27T08:18:17+00:00","breadcrumb":{"@id":"http:\/\/lc2tech.fr\/index.php\/serenitech\/#breadcrumb"},"inLanguage":"fr-FR","potentialAction":[{"@type":"ReadAction","target":["http:\/\/lc2tech.fr\/index.php\/serenitech\/"]}]},{"@type":"ImageObject","inLanguage":"fr-FR","@id":"http:\/\/lc2tech.fr\/index.php\/serenitech\/#primaryimage","url":"http:\/\/lc2tech.fr\/wp-content\/uploads\/2019\/06\/distance.png","contentUrl":"http:\/\/lc2tech.fr\/wp-content\/uploads\/2019\/06\/distance.png","width":95,"height":95},{"@type":"BreadcrumbList","@id":"http:\/\/lc2tech.fr\/index.php\/serenitech\/#breadcrumb","itemListElement":[{"@type":"ListItem","position":1,"name":"Accueil","item":"http:\/\/lc2tech.fr\/"},{"@type":"ListItem","position":2,"name":"SERENITECH"}]},{"@type":"WebSite","@id":"http:\/\/lc2tech.fr\/#website","url":"http:\/\/lc2tech.fr\/","name":"Lc2Tech","description":"Votre partenaire informatique","publisher":{"@id":"http:\/\/lc2tech.fr\/#organization"},"potentialAction":[{"@type":"SearchAction","target":{"@type":"EntryPoint","urlTemplate":"http:\/\/lc2tech.fr\/?s={search_term_string}"},"query-input":{"@type":"PropertyValueSpecification","valueRequired":true,"valueName":"search_term_string"}}],"inLanguage":"fr-FR"},{"@type":"Organization","@id":"http:\/\/lc2tech.fr\/#organization","name":"http:\/\/lc2tech.fr","url":"http:\/\/lc2tech.fr\/","logo":{"@type":"ImageObject","inLanguage":"fr-FR","@id":"http:\/\/lc2tech.fr\/#\/schema\/logo\/image\/","url":"https:\/\/lc2tech.fr\/wp-content\/uploads\/2018\/09\/Web-icone.jpg","contentUrl":"https:\/\/lc2tech.fr\/wp-content\/uploads\/2018\/09\/Web-icone.jpg","width":345,"height":355,"caption":"http:\/\/lc2tech.fr"},"image":{"@id":"http:\/\/lc2tech.fr\/#\/schema\/logo\/image\/"},"sameAs":["https:\/\/www.facebook.com\/Lc2Tech-101653581567462","http:\/\/www.linkedin.com\/in\/lionel-cabaret-800086a0"]}]}},"_links":{"self":[{"href":"http:\/\/lc2tech.fr\/index.php\/wp-json\/wp\/v2\/pages\/2920","targetHints":{"allow":["GET"]}}],"collection":[{"href":"http:\/\/lc2tech.fr\/index.php\/wp-json\/wp\/v2\/pages"}],"about":[{"href":"http:\/\/lc2tech.fr\/index.php\/wp-json\/wp\/v2\/types\/page"}],"author":[{"embeddable":true,"href":"http:\/\/lc2tech.fr\/index.php\/wp-json\/wp\/v2\/users\/3"}],"replies":[{"embeddable":true,"href":"http:\/\/lc2tech.fr\/index.php\/wp-json\/wp\/v2\/comments?post=2920"}],"version-history":[{"count":85,"href":"http:\/\/lc2tech.fr\/index.php\/wp-json\/wp\/v2\/pages\/2920\/revisions"}],"predecessor-version":[{"id":3178,"href":"http:\/\/lc2tech.fr\/index.php\/wp-json\/wp\/v2\/pages\/2920\/revisions\/3178"}],"wp:attachment":[{"href":"http:\/\/lc2tech.fr\/index.php\/wp-json\/wp\/v2\/media?parent=2920"}],"curies":[{"name":"wp","href":"https:\/\/api.w.org\/{rel}","templated":true}]}}