{"id":2751,"date":"2019-05-21T10:46:54","date_gmt":"2019-05-21T08:46:54","guid":{"rendered":"http:\/\/lc2tech.fr\/?page_id=2751"},"modified":"2020-05-06T11:00:05","modified_gmt":"2020-05-06T09:00:05","slug":"saas","status":"publish","type":"page","link":"http:\/\/lc2tech.fr\/index.php\/saas\/","title":{"rendered":"SERVICES SaaS PROPOS\u00c9S"},"content":{"rendered":"<h1 style=\"text-align: center;\"><span style=\"color: #ff6600;\">Sauvegardes en DataCenter :&nbsp;<\/span><\/h1>\n<h4>&nbsp;<\/h4>\n<h3><strong><span style=\"color: #000000;\">Pourquoi sauvegarder vos donn\u00e9es en datacenter&nbsp;?<\/span><\/strong><\/h3>\n<h4><span style=\"color: #000000;\">Les sauvegardes classiques ne sont pas assez efficaces&nbsp;: taux \u00e9lev\u00e9 d\u2019\u00e9chec de restauration, co\u00fbt \u00e9lev\u00e9 de maintenance et de licences\u2026 Les supports type disques durs sont sujets quant \u00e0 eux \u00e0 \u00eatre endommag\u00e9s, vol\u00e9s, perdus ou encore non crypt\u00e9s et donc faciles \u00e0 \u00eatre exploit\u00e9s par des tiers.<\/span><\/h4>\n<p><\/p>\n<h3><span style=\"color: #000000;\"><strong>Quelle solution&nbsp;?<\/strong><\/span><\/h3>\n<h4><span style=\"color: #000000;\">LC2Tech vous propose le produit&nbsp;QUICKSAVE\u2122&nbsp;, enti\u00e8rement s\u00e9curis\u00e9 et d\u00e9di\u00e9 \u00e0 la sauvegarde externalis\u00e9e de vos donn\u00e9es vers des serveurs ultra s\u00e9curis\u00e9s appel\u00e9s \u00ab DataCenter \u00bb.<\/span><\/h4>\n<h4><span style=\"color: #000000;\">Bas\u00e9 sur un outil extr\u00eamement simple d\u2019utilisation, robuste et s\u00e9curis\u00e9, il permet \u00e0 chaque client de d\u00e9finir ses propres caract\u00e9ristiques de sauvegarde sur la totalit\u00e9 ou une partie de son infrastructure serveurs et postes utilisateurs, avec une dur\u00e9e de r\u00e9tention sp\u00e9cifique \u00e0 chaque disque et\/ou r\u00e9pertoire suivant leurs propres calendriers.<\/span><\/h4>\n<h4>&nbsp;<\/h4>\n<h3><strong><span style=\"color: #000000;\">QUICKSAVE\u2122 c\u2019est :<\/span><\/strong><\/h3>\n<h4><span style=\"color: #000000;\">&#8211; l\u2019int\u00e9gration de tous les types de messagerie et tous les types de bases de donn\u00e9es \u00e9tant disponibles, depuis les plus petites comme MySQL jusqu\u2019aux plus grosses comme ORACLE&nbsp;;<\/span><\/h4>\n<h4><span style=\"color: #000000;\">\u2013 le premier niveau de s\u00e9curisation des syst\u00e8mes d\u2019informations de nos clients.<\/span><\/h4>\n<h4>&nbsp;<\/h4>\n<h3 style=\"text-align: center;\"><strong><span style=\"color: #ff6600;\">Microsoft Office 365<\/span><\/strong><\/h3>\n\n\n<p class=\"has-text-align-center\"><img loading=\"lazy\" decoding=\"async\" class=\"wp-image-2275\" src=\"http:\/\/lc2tech.fr\/wp-content\/uploads\/2019\/04\/pack-office.png\" alt=\"\" width=\"437\" height=\"77\" srcset=\"http:\/\/lc2tech.fr\/wp-content\/uploads\/2019\/04\/pack-office.png 1577w, http:\/\/lc2tech.fr\/wp-content\/uploads\/2019\/04\/pack-office-300x53.png 300w, http:\/\/lc2tech.fr\/wp-content\/uploads\/2019\/04\/pack-office-768x135.png 768w, http:\/\/lc2tech.fr\/wp-content\/uploads\/2019\/04\/pack-office-1024x180.png 1024w, http:\/\/lc2tech.fr\/wp-content\/uploads\/2019\/04\/pack-office-1232x216.png 1232w\" sizes=\"auto, (max-width: 437px) 100vw, 437px\" \/><\/p>\n\n\n<h4 class=\"Standard\" style=\"text-align: left;\"><span style=\"font-family: 'Arial','sans-serif'; color: black;\">C<span style=\"color: #000000;\">haque jour, les TPE comme les PME utilisent la suite Office (Word, Excel, Outlook, etc\u2026) pour leurs activit\u00e9s professionnelles. Ces entreprises doivent donc d\u00e9tenir les licences de ces logiciels afin de les utiliser.<br><\/span><\/span><span style=\"font-family: 'Arial', 'sans-serif'; color: #000000;\">En g\u00e9n\u00e9ral, bon nombre de soci\u00e9t\u00e9 n\u2019ont pas la derni\u00e8re version logicielle de la suite Office ou le nombre exact de licence par rapport aux divers \u00e9quipements qui composent leur ntreprise (Pc &amp; Mac).<br><\/span><span style=\"font-family: 'Arial', 'sans-serif'; color: #000000;\">Aujourd\u2019hui, avec la solution collaborative Microsoft Office 365, la gestion de licence et de besoins applicatifs pour les utilisateurs est simplifi\u00e9e. L\u2019acc\u00e8s \u00e0 Microsoft Office 365 se fait par le biais d\u2019un abonnement par utilisateur via une connexion internet. <br>Il existe diff\u00e9rentes offres en fonction des besoins des employ\u00e9s en termes d\u2019applications et d\u2019utilisation.<\/span><\/h4>\n<h4 style=\"text-align: left;\">&nbsp;<\/h4>\n<p><\/p>\n<h3 class=\"editor-rich-text__editable block-editor-rich-text__editable\" style=\"text-align: center;\" role=\"textbox\" aria-multiline=\"true\" data-is-placeholder-visible=\"false\" aria-label=\"R\u00e9digez un titre\u2026\" aria-autocomplete=\"list\" contenteditable=\"true\"><strong><span style=\"color: #ff6600;\">\u00cates-vous pr\u00eat \u00e0 \u00eatre plus productif avec Office 365?<\/span><\/strong><\/h3>\n\n\n<div class=\"wp-block-image\"><figure class=\"aligncenter is-resized\"><img loading=\"lazy\" decoding=\"async\" src=\"http:\/\/lc2tech.fr\/wp-content\/uploads\/2019\/04\/Courrier-calendrier-1024x620.png\" alt=\"\" class=\"wp-image-2223\" width=\"512\" height=\"310\" srcset=\"http:\/\/lc2tech.fr\/wp-content\/uploads\/2019\/04\/Courrier-calendrier-1024x620.png 1024w, http:\/\/lc2tech.fr\/wp-content\/uploads\/2019\/04\/Courrier-calendrier-300x182.png 300w, http:\/\/lc2tech.fr\/wp-content\/uploads\/2019\/04\/Courrier-calendrier-768x465.png 768w, http:\/\/lc2tech.fr\/wp-content\/uploads\/2019\/04\/Courrier-calendrier.png 1114w\" sizes=\"auto, (max-width: 512px) 100vw, 512px\" \/><\/figure><\/div>\n\n\n<h4><span style=\"color: #000000;\">Courrier, calendrier et contacts regroup\u00e9s au m\u00eame emplacement Travaillez efficacement gr\u00e2ce \u00e0 des fonctionnalit\u00e9s de courrier, de calendrier, de contacts et autres regroup\u00e9es au m\u00eame emplacement. L\u2019Int\u00e9gration Office vous permet de partager des pi\u00e8ces jointes \u00e0 partir de OneDrive, d\u2019acc\u00e9der \u00e0 des contacts et d\u2019afficher des profils LinkedIn.<\/span><\/h4>\n<h2>&nbsp;<\/h2>\n<h3 style=\"text-align: center;\"><span style=\"color: #ff6600;\"><strong>Restez organis\u00e9 et pr\u00e9voyant<\/strong><\/span><\/h3>\n\n\n<div class=\"wp-block-image\"><figure class=\"aligncenter is-resized\"><img loading=\"lazy\" decoding=\"async\" src=\"http:\/\/lc2tech.fr\/wp-content\/uploads\/2019\/05\/Restez-organis\u00e9-et-pr\u00e9voyant-1024x620-1024x620.png\" alt=\"\" class=\"wp-image-2770\" width=\"512\" height=\"310\" srcset=\"http:\/\/lc2tech.fr\/wp-content\/uploads\/2019\/05\/Restez-organis\u00e9-et-pr\u00e9voyant-1024x620.png 1024w, http:\/\/lc2tech.fr\/wp-content\/uploads\/2019\/05\/Restez-organis\u00e9-et-pr\u00e9voyant-1024x620-300x182.png 300w, http:\/\/lc2tech.fr\/wp-content\/uploads\/2019\/05\/Restez-organis\u00e9-et-pr\u00e9voyant-1024x620-768x465.png 768w\" sizes=\"auto, (max-width: 512px) 100vw, 512px\" \/><\/figure><\/div>\n\n\n<h4><span style=\"color: #000000;\">R\u00e9servez des salles de conf\u00e9rence et effectuez le suivi des r\u00e9ponses relatives aux r\u00e9unions \u00e0 partir de votre calendrier. Cr\u00e9ez et coordonnez vos plannings en partageant des calendriers et en consultant la disponibilit\u00e9 de vos coll\u00e8gues.<\/span><\/h4>\n<h2>&nbsp;<\/h2>\n<h3 style=\"text-align: center;\"><span style=\"color: #ff6600;\"><strong>Une s\u00e9curit\u00e9 sur laquelle vous pouvez compter<\/strong><\/span><\/h3>\n\n\n<div class=\"wp-block-image\"><figure class=\"aligncenter is-resized\"><img loading=\"lazy\" decoding=\"async\" src=\"http:\/\/lc2tech.fr\/wp-content\/uploads\/2019\/04\/Une-s%C3%A9curit%C3%A9-sur-laquelle-vous-pouvez-compter-1-1024x620.png\" alt=\"\" class=\"wp-image-2225\" width=\"512\" height=\"310\"\/><\/figure><\/div>\n\n\n<h4><span style=\"color: #000000;\">Ayez l\u2019esprit tranquille gr\u00e2ce \u00e0 des fonctionnalit\u00e9s de s\u00e9curit\u00e9 de qualit\u00e9 professionnelle auxquelles se fient quelques-unes des plus grandes organisations du monde. Outlook prot\u00e8ge vos informations confidentielles 24 heures sur 24 sans jamais vous g\u00eaner.<\/span><\/h4>\n<h3>&nbsp;<\/h3>\n<p><\/p>\n<h3 style=\"text-align: center;\"><span style=\"color: #ff6600;\"><strong>L\u2019intelligence \u00e0 votre service&nbsp;<\/strong><\/span><\/h3>\n\n\n<div class=\"wp-block-image\"><figure class=\"aligncenter is-resized\"><img loading=\"lazy\" decoding=\"async\" src=\"http:\/\/lc2tech.fr\/wp-content\/uploads\/2019\/04\/L%E2%80%99intelligence-%C3%A0-votre-service-1024x620.png\" alt=\"\" class=\"wp-image-2226\" width=\"512\" height=\"310\"\/><\/figure><\/div>\n\n\n<h4><span style=\"color: #000000;\">Outlook anticipe vos besoins. Les paiements relatifs \u00e0 vos voyages et factures sont automatiquement ajout\u00e9s \u00e0 votre calendrier, et des rappels intelligents vous aident \u00e0 respecter les d\u00e9lais. La fonctionnalit\u00e9 de recherche vous permet de trouver rapidement des informations.<\/span><\/h4>\n<p><\/p>\n<h3 style=\"text-align: center;\"><span style=\"color: #ff6600;\"><strong>Travaillez en tout lieu<\/strong><\/span><\/h3>\n\n\n<div class=\"wp-block-image\"><figure class=\"aligncenter is-resized\"><img loading=\"lazy\" decoding=\"async\" src=\"http:\/\/lc2tech.fr\/wp-content\/uploads\/2019\/05\/Travaillez-en-tout-lieu.png\" alt=\"\" class=\"wp-image-2778\" width=\"413\" height=\"338\" srcset=\"http:\/\/lc2tech.fr\/wp-content\/uploads\/2019\/05\/Travaillez-en-tout-lieu.png 825w, http:\/\/lc2tech.fr\/wp-content\/uploads\/2019\/05\/Travaillez-en-tout-lieu-300x245.png 300w, http:\/\/lc2tech.fr\/wp-content\/uploads\/2019\/05\/Travaillez-en-tout-lieu-768x628.png 768w\" sizes=\"auto, (max-width: 413px) 100vw, 413px\" \/><\/figure><\/div>\n\n\n<h4><span style=\"color: #000000;\">Office 365 vous permet d\u2019utiliser les versions les plus \u00e0 jour des applications que vous connaissez sur votre appareil pr\u00e9f\u00e9r\u00e9. Certaines offres vous permettent d\u2019installer Office sur cinq PC ou Mac et cinq tablettes (iPad, Windows ou Android), ainsi que de transf\u00e9rer l\u2019installation si vous changez d\u2019appareil. Consultez et modifiez des fichiers sur un t\u00e9l\u00e9phone Windows, un iPhone\u00ae ou un t\u00e9l\u00e9phone Android avec Office Mobile.<\/span><\/h4>\n<p><\/p>\n<h3 style=\"text-align: center;\"><span style=\"color: #ff6600;\"><strong>Pour ne jamais rien oublier<\/strong><\/span><\/h3>\n\n\n<div class=\"wp-block-image\"><figure class=\"aligncenter is-resized\"><img loading=\"lazy\" decoding=\"async\" src=\"http:\/\/lc2tech.fr\/wp-content\/uploads\/2019\/05\/Pour-ne-jamais-rien-oublier-768x522.jpg\" alt=\"\" class=\"wp-image-2783\" width=\"413\" height=\"388\"\/><\/figure><\/div>\n\n\n<h4><span style=\"color: #000000;\">Concentrez-vous sur votre travail plut\u00f4t que sur des t\u00e2ches d\u2019installation, de mise \u00e0 jour et de synchronisation. Office 365 s\u2019occupe de tout ce qui se passe en coulisses, vous permettant ainsi de vous consacrer \u00e0 l\u2019essentiel. Et dans la mesure o\u00f9 Office 365 est toujours \u00e0 jour, vous disposez en permanence de la version la plus r\u00e9cente de Word, d\u2019Excel, de PowerPoint et d\u2019Outlook.<\/span><\/h4>\n<p><\/p>\n<h3 style=\"text-align: center;\"><span style=\"color: #ff6600;\"><strong>Gagnez en productivit\u00e9 gr\u00e2ce \u00e0 des fonctionnalit\u00e9s d\u2019aide \u00e0 la d\u00e9cision int\u00e9gr\u00e9es<\/strong><\/span><\/h3>\n\n\n<div class=\"wp-block-image\"><figure class=\"aligncenter is-resized\"><img loading=\"lazy\" decoding=\"async\" src=\"http:\/\/lc2tech.fr\/wp-content\/uploads\/2019\/05\/Gagnez-en-producvit\u00e9-gr\u00e2ce-\u00e0-des-fonconnalit\u00e9s.png\" alt=\"\" class=\"wp-image-2784\" width=\"413\" height=\"338\" srcset=\"http:\/\/lc2tech.fr\/wp-content\/uploads\/2019\/05\/Gagnez-en-producvit\u00e9-gr\u00e2ce-\u00e0-des-fonconnalit\u00e9s.png 825w, http:\/\/lc2tech.fr\/wp-content\/uploads\/2019\/05\/Gagnez-en-producvit\u00e9-gr\u00e2ce-\u00e0-des-fonconnalit\u00e9s-300x245.png 300w, http:\/\/lc2tech.fr\/wp-content\/uploads\/2019\/05\/Gagnez-en-producvit\u00e9-gr\u00e2ce-\u00e0-des-fonconnalit\u00e9s-768x628.png 768w\" sizes=\"auto, (max-width: 413px) 100vw, 413px\" \/><\/figure><\/div>\n\n\n<h4><span style=\"color: #000000;\">Les applications Office 365 int\u00e8grent des fonctionnalit\u00e9s intelligentes qui vous permettent de gagner du temps et d\u2019obtenir de meilleurs r\u00e9sultats. Cr\u00e9ez du contenu avec une aide int\u00e9gr\u00e9e, concevez en toute confiance, et analysez les donn\u00e9es pour en tirer des enseignements. Que vous souhaitiez mettre \u00e0 jour un CV, cr\u00e9er une pr\u00e9sentation ou \u00e9valuer votre budget, les services intelligents, tels que les fonctionnalit\u00e9s Recherche et \u00c9diteur dans Word, le Concepteur dans PowerPoint, et les services d\u2019analyse, vous aident \u00e0 entrer dans la peau d\u2019un professionnel.<\/span><\/h4>\n\n\n<div class=\"wp-block-image\"><figure class=\"aligncenter\"><a href=\"http:\/\/lc2tech.fr\/index.php\/contact\/\" target=\"_blank\" rel=\"noreferrer noopener\"><img loading=\"lazy\" decoding=\"async\" width=\"150\" height=\"212\" src=\"http:\/\/lc2tech.fr\/wp-content\/uploads\/2019\/06\/BOB-@refais.png\" alt=\"\" class=\"wp-image-2914\"\/><\/a><\/figure><\/div>\n","protected":false},"excerpt":{"rendered":"<p>Sauvegardes en DataCenter :&nbsp; &nbsp; Pourquoi sauvegarder vos donn\u00e9es en datacenter&nbsp;? Les sauvegardes classiques ne sont pas assez efficaces&nbsp;: taux \u00e9lev\u00e9 d\u2019\u00e9chec de restauration, co\u00fbt \u00e9lev\u00e9 de maintenance et de licences\u2026 Les supports type disques durs sont sujets quant \u00e0 eux \u00e0 \u00eatre endommag\u00e9s, vol\u00e9s, perdus ou encore non crypt\u00e9s et donc faciles \u00e0 \u00eatre&nbsp;&hellip;<\/p>\n","protected":false},"author":3,"featured_media":0,"parent":0,"menu_order":0,"comment_status":"closed","ping_status":"closed","template":"","meta":{"footnotes":""},"class_list":["post-2751","page","type-page","status-publish","hentry"],"yoast_head":"<!-- This site is optimized with the Yoast SEO plugin v23.5 - https:\/\/yoast.com\/wordpress\/plugins\/seo\/ -->\n<title>SERVICES SaaS PROPOS\u00c9S -<\/title>\n<meta name=\"robots\" content=\"index, follow, max-snippet:-1, max-image-preview:large, max-video-preview:-1\" \/>\n<link rel=\"canonical\" href=\"http:\/\/lc2tech.fr\/index.php\/saas\/\" \/>\n<meta property=\"og:locale\" content=\"fr_FR\" \/>\n<meta property=\"og:type\" content=\"article\" \/>\n<meta property=\"og:title\" content=\"SERVICES SaaS PROPOS\u00c9S -\" \/>\n<meta property=\"og:description\" content=\"Sauvegardes en DataCenter :&nbsp; &nbsp; Pourquoi sauvegarder vos donn\u00e9es en datacenter&nbsp;? Les sauvegardes classiques ne sont pas assez efficaces&nbsp;: taux \u00e9lev\u00e9 d\u2019\u00e9chec de restauration, co\u00fbt \u00e9lev\u00e9 de maintenance et de licences\u2026 Les supports type disques durs sont sujets quant \u00e0 eux \u00e0 \u00eatre endommag\u00e9s, vol\u00e9s, perdus ou encore non crypt\u00e9s et donc faciles \u00e0 \u00eatre&nbsp;&hellip;\" \/>\n<meta property=\"og:url\" content=\"http:\/\/lc2tech.fr\/index.php\/saas\/\" \/>\n<meta property=\"article:publisher\" content=\"https:\/\/www.facebook.com\/Lc2Tech-101653581567462\" \/>\n<meta property=\"article:modified_time\" content=\"2020-05-06T09:00:05+00:00\" \/>\n<meta property=\"og:image\" content=\"http:\/\/lc2tech.fr\/wp-content\/uploads\/2019\/04\/pack-office.png\" \/>\n<meta name=\"twitter:label1\" content=\"Dur\u00e9e de lecture estim\u00e9e\" \/>\n\t<meta name=\"twitter:data1\" content=\"4 minutes\" \/>\n<script type=\"application\/ld+json\" class=\"yoast-schema-graph\">{\"@context\":\"https:\/\/schema.org\",\"@graph\":[{\"@type\":\"WebPage\",\"@id\":\"http:\/\/lc2tech.fr\/index.php\/saas\/\",\"url\":\"http:\/\/lc2tech.fr\/index.php\/saas\/\",\"name\":\"SERVICES SaaS PROPOS\u00c9S -\",\"isPartOf\":{\"@id\":\"http:\/\/lc2tech.fr\/#website\"},\"primaryImageOfPage\":{\"@id\":\"http:\/\/lc2tech.fr\/index.php\/saas\/#primaryimage\"},\"image\":{\"@id\":\"http:\/\/lc2tech.fr\/index.php\/saas\/#primaryimage\"},\"thumbnailUrl\":\"http:\/\/lc2tech.fr\/wp-content\/uploads\/2019\/04\/pack-office.png\",\"datePublished\":\"2019-05-21T08:46:54+00:00\",\"dateModified\":\"2020-05-06T09:00:05+00:00\",\"breadcrumb\":{\"@id\":\"http:\/\/lc2tech.fr\/index.php\/saas\/#breadcrumb\"},\"inLanguage\":\"fr-FR\",\"potentialAction\":[{\"@type\":\"ReadAction\",\"target\":[\"http:\/\/lc2tech.fr\/index.php\/saas\/\"]}]},{\"@type\":\"ImageObject\",\"inLanguage\":\"fr-FR\",\"@id\":\"http:\/\/lc2tech.fr\/index.php\/saas\/#primaryimage\",\"url\":\"http:\/\/lc2tech.fr\/wp-content\/uploads\/2019\/04\/pack-office.png\",\"contentUrl\":\"http:\/\/lc2tech.fr\/wp-content\/uploads\/2019\/04\/pack-office.png\",\"width\":1577,\"height\":277},{\"@type\":\"BreadcrumbList\",\"@id\":\"http:\/\/lc2tech.fr\/index.php\/saas\/#breadcrumb\",\"itemListElement\":[{\"@type\":\"ListItem\",\"position\":1,\"name\":\"Accueil\",\"item\":\"http:\/\/lc2tech.fr\/\"},{\"@type\":\"ListItem\",\"position\":2,\"name\":\"SERVICES SaaS PROPOS\u00c9S\"}]},{\"@type\":\"WebSite\",\"@id\":\"http:\/\/lc2tech.fr\/#website\",\"url\":\"http:\/\/lc2tech.fr\/\",\"name\":\"Lc2Tech\",\"description\":\"Votre partenaire informatique\",\"publisher\":{\"@id\":\"http:\/\/lc2tech.fr\/#organization\"},\"potentialAction\":[{\"@type\":\"SearchAction\",\"target\":{\"@type\":\"EntryPoint\",\"urlTemplate\":\"http:\/\/lc2tech.fr\/?s={search_term_string}\"},\"query-input\":{\"@type\":\"PropertyValueSpecification\",\"valueRequired\":true,\"valueName\":\"search_term_string\"}}],\"inLanguage\":\"fr-FR\"},{\"@type\":\"Organization\",\"@id\":\"http:\/\/lc2tech.fr\/#organization\",\"name\":\"http:\/\/lc2tech.fr\",\"url\":\"http:\/\/lc2tech.fr\/\",\"logo\":{\"@type\":\"ImageObject\",\"inLanguage\":\"fr-FR\",\"@id\":\"http:\/\/lc2tech.fr\/#\/schema\/logo\/image\/\",\"url\":\"https:\/\/lc2tech.fr\/wp-content\/uploads\/2018\/09\/Web-icone.jpg\",\"contentUrl\":\"https:\/\/lc2tech.fr\/wp-content\/uploads\/2018\/09\/Web-icone.jpg\",\"width\":345,\"height\":355,\"caption\":\"http:\/\/lc2tech.fr\"},\"image\":{\"@id\":\"http:\/\/lc2tech.fr\/#\/schema\/logo\/image\/\"},\"sameAs\":[\"https:\/\/www.facebook.com\/Lc2Tech-101653581567462\",\"http:\/\/www.linkedin.com\/in\/lionel-cabaret-800086a0\"]}]}<\/script>\n<!-- \/ Yoast SEO plugin. -->","yoast_head_json":{"title":"SERVICES SaaS PROPOS\u00c9S -","robots":{"index":"index","follow":"follow","max-snippet":"max-snippet:-1","max-image-preview":"max-image-preview:large","max-video-preview":"max-video-preview:-1"},"canonical":"http:\/\/lc2tech.fr\/index.php\/saas\/","og_locale":"fr_FR","og_type":"article","og_title":"SERVICES SaaS PROPOS\u00c9S -","og_description":"Sauvegardes en DataCenter :&nbsp; &nbsp; Pourquoi sauvegarder vos donn\u00e9es en datacenter&nbsp;? Les sauvegardes classiques ne sont pas assez efficaces&nbsp;: taux \u00e9lev\u00e9 d\u2019\u00e9chec de restauration, co\u00fbt \u00e9lev\u00e9 de maintenance et de licences\u2026 Les supports type disques durs sont sujets quant \u00e0 eux \u00e0 \u00eatre endommag\u00e9s, vol\u00e9s, perdus ou encore non crypt\u00e9s et donc faciles \u00e0 \u00eatre&nbsp;&hellip;","og_url":"http:\/\/lc2tech.fr\/index.php\/saas\/","article_publisher":"https:\/\/www.facebook.com\/Lc2Tech-101653581567462","article_modified_time":"2020-05-06T09:00:05+00:00","og_image":[{"url":"http:\/\/lc2tech.fr\/wp-content\/uploads\/2019\/04\/pack-office.png"}],"twitter_misc":{"Dur\u00e9e de lecture estim\u00e9e":"4 minutes"},"schema":{"@context":"https:\/\/schema.org","@graph":[{"@type":"WebPage","@id":"http:\/\/lc2tech.fr\/index.php\/saas\/","url":"http:\/\/lc2tech.fr\/index.php\/saas\/","name":"SERVICES SaaS PROPOS\u00c9S -","isPartOf":{"@id":"http:\/\/lc2tech.fr\/#website"},"primaryImageOfPage":{"@id":"http:\/\/lc2tech.fr\/index.php\/saas\/#primaryimage"},"image":{"@id":"http:\/\/lc2tech.fr\/index.php\/saas\/#primaryimage"},"thumbnailUrl":"http:\/\/lc2tech.fr\/wp-content\/uploads\/2019\/04\/pack-office.png","datePublished":"2019-05-21T08:46:54+00:00","dateModified":"2020-05-06T09:00:05+00:00","breadcrumb":{"@id":"http:\/\/lc2tech.fr\/index.php\/saas\/#breadcrumb"},"inLanguage":"fr-FR","potentialAction":[{"@type":"ReadAction","target":["http:\/\/lc2tech.fr\/index.php\/saas\/"]}]},{"@type":"ImageObject","inLanguage":"fr-FR","@id":"http:\/\/lc2tech.fr\/index.php\/saas\/#primaryimage","url":"http:\/\/lc2tech.fr\/wp-content\/uploads\/2019\/04\/pack-office.png","contentUrl":"http:\/\/lc2tech.fr\/wp-content\/uploads\/2019\/04\/pack-office.png","width":1577,"height":277},{"@type":"BreadcrumbList","@id":"http:\/\/lc2tech.fr\/index.php\/saas\/#breadcrumb","itemListElement":[{"@type":"ListItem","position":1,"name":"Accueil","item":"http:\/\/lc2tech.fr\/"},{"@type":"ListItem","position":2,"name":"SERVICES SaaS PROPOS\u00c9S"}]},{"@type":"WebSite","@id":"http:\/\/lc2tech.fr\/#website","url":"http:\/\/lc2tech.fr\/","name":"Lc2Tech","description":"Votre partenaire informatique","publisher":{"@id":"http:\/\/lc2tech.fr\/#organization"},"potentialAction":[{"@type":"SearchAction","target":{"@type":"EntryPoint","urlTemplate":"http:\/\/lc2tech.fr\/?s={search_term_string}"},"query-input":{"@type":"PropertyValueSpecification","valueRequired":true,"valueName":"search_term_string"}}],"inLanguage":"fr-FR"},{"@type":"Organization","@id":"http:\/\/lc2tech.fr\/#organization","name":"http:\/\/lc2tech.fr","url":"http:\/\/lc2tech.fr\/","logo":{"@type":"ImageObject","inLanguage":"fr-FR","@id":"http:\/\/lc2tech.fr\/#\/schema\/logo\/image\/","url":"https:\/\/lc2tech.fr\/wp-content\/uploads\/2018\/09\/Web-icone.jpg","contentUrl":"https:\/\/lc2tech.fr\/wp-content\/uploads\/2018\/09\/Web-icone.jpg","width":345,"height":355,"caption":"http:\/\/lc2tech.fr"},"image":{"@id":"http:\/\/lc2tech.fr\/#\/schema\/logo\/image\/"},"sameAs":["https:\/\/www.facebook.com\/Lc2Tech-101653581567462","http:\/\/www.linkedin.com\/in\/lionel-cabaret-800086a0"]}]}},"_links":{"self":[{"href":"http:\/\/lc2tech.fr\/index.php\/wp-json\/wp\/v2\/pages\/2751","targetHints":{"allow":["GET"]}}],"collection":[{"href":"http:\/\/lc2tech.fr\/index.php\/wp-json\/wp\/v2\/pages"}],"about":[{"href":"http:\/\/lc2tech.fr\/index.php\/wp-json\/wp\/v2\/types\/page"}],"author":[{"embeddable":true,"href":"http:\/\/lc2tech.fr\/index.php\/wp-json\/wp\/v2\/users\/3"}],"replies":[{"embeddable":true,"href":"http:\/\/lc2tech.fr\/index.php\/wp-json\/wp\/v2\/comments?post=2751"}],"version-history":[{"count":64,"href":"http:\/\/lc2tech.fr\/index.php\/wp-json\/wp\/v2\/pages\/2751\/revisions"}],"predecessor-version":[{"id":3194,"href":"http:\/\/lc2tech.fr\/index.php\/wp-json\/wp\/v2\/pages\/2751\/revisions\/3194"}],"wp:attachment":[{"href":"http:\/\/lc2tech.fr\/index.php\/wp-json\/wp\/v2\/media?parent=2751"}],"curies":[{"name":"wp","href":"https:\/\/api.w.org\/{rel}","templated":true}]}}