{"id":2337,"date":"2019-05-04T10:54:51","date_gmt":"2019-05-04T08:54:51","guid":{"rendered":"http:\/\/lc2tech.fr\/?page_id=2337"},"modified":"2019-09-05T15:18:11","modified_gmt":"2019-09-05T13:18:11","slug":"cloudtech","status":"publish","type":"page","link":"http:\/\/lc2tech.fr\/index.php\/cloudtech\/","title":{"rendered":"CLOUDTECH"},"content":{"rendered":"<div  id=\"initial-content-section\" class=\"content-section content-section-spacing\" data-id=\"initial-content-section\" data-export-id=\"initial-content-section\" data-label=\"Initial Content\" data-section-ov=\"1\" style=\"background-image: none; background-color: rgb(255, 255, 255);\">\n<div  class=\"gridContainer\">\n<div  class=\"row\">\n<div  class=\"col-xs-12 col-sm-12\">\n<h1  style=\"text-align: center;\"><span  style=\"color: rgba(250, 98, 5, 0.835); font-family: Aclonica, arial, helvetica, sans-serif; font-weight: 700;\"><strong >\n\n<span  id=\"_mce_caret\" data-mce-bogus=\"1\" data-mce-type=\"format-caret\"><span  style=\"text-decoration: underline;\">\ufeff<\/span><\/span>\n<br ><span  id=\"_mce_caret\" data-mce-bogus=\"1\" data-mce-type=\"format-caret\"><span  style=\"color: rgb(255, 102, 0);\">\ufeff<\/span><\/span><br ><span  style=\"font-weight: 400; color: rgb(255, 102, 0);\">C\u2019est l\u2019heure de passer au Cloud !<\/span><\/strong><\/span><span  id=\"_mce_caret\" data-mce-bogus=\"1\" data-mce-type=\"format-caret\"><span  style=\"color: rgb(255, 102, 0); font-family: Aclonica, arial, helvetica, sans-serif; font-weight: 400;\">\ufeff<\/span><\/span><\/h1>\n<h4 ><span  style=\"color: rgb(84, 97, 122); font-family: arial, helvetica, sans-serif;\">\n<br ><span  style=\"color: rgb(0, 0, 0);\">Le \u00ab Cloud Computing \u00bb se traduit&nbsp; en Fran\u00e7ais par \u00ab le nuage \u00bb dans les pays anglo-saxons. C\u2019est pour cela qu\u2019il est illustr\u00e9 sous la forme d\u2019un nuage dans le domaine informatique. \n<br >La fonction principale du Cloud est de mettre \u00e0 disposition un acc\u00e8s s\u00e9curis\u00e9 via internet \u00e0 un ensemble de ressources informatiques \n(serveurs, r\u00e9seaux, stockage de donn\u00e9e, applications et services).<\/span><\/span><\/h4>\n<h4 ><span  style=\"color: rgb(0, 0, 0); font-family: arial, helvetica, sans-serif;\">Depuis quelques ann\u00e9es, le Cloud a le vent en poupe. \nDe plus en plus d\u2019entreprises font appel \u00e0 cette mani\u00e8re de stocker, d\u2019acc\u00e9der et d\u2019\u00e9changer des donn\u00e9es informatiques. \nSelon les standards scientifiques et informatiques internationaux dont la National Institute of Standards and Technology aux Etats-Unis se fait la voix, les services qui peuvent \u00eatre offerts dans le Cloud sont class\u00e9s en 3 cat\u00e9gories :&nbsp;<\/span><\/h4>\n<h4 ><span  style=\"color: rgb(0, 0, 0); font-family: arial, helvetica, sans-serif;\">\u2013 <strong >IaaS<\/strong>&nbsp; (Infrastructure as a Service) : C\u2019est le premier niveau de services en Cloud, pr\u00e9sent\u00e9 sous forme d\u2019un h\u00e9bergement mat\u00e9riel externalis\u00e9 qui comprend serveur et r\u00e9seau.\n<\/span><br >\n<\/h4>\n<h4 ><span  style=\"color: rgb(84, 97, 122);\"><span  style=\"color: rgb(0, 0, 0); font-family: arial, helvetica, sans-serif;\">\u2013 <strong >PaaS<\/strong> (Platform as a Service) : C\u2019est le deuxi\u00e8me niveau de services en Cloud qui regroupe l\u2019offre IaaS<\/span><br ><span  style=\"color: rgb(0, 0, 0); font-family: arial, helvetica, sans-serif;\">\n(h\u00e9bergement mat\u00e9riel externalis\u00e9) ainsi que la couche logiciel (syst\u00e8mes d\u2019exploitations type Windows Serveur)<\/span><br ><span  style=\"color: rgb(0, 0, 0); font-family: arial, helvetica, sans-serif;\">\net des logiciels d\u2019applications m\u00e9tiers (Suite Office, Word, Excel,\u2026).\n<\/span><br >\n<\/span><\/h4>\n<h4  style=\"text-align: left;\"><span  style=\"font-family: arial, helvetica, sans-serif;\"><span  style=\"color: rgb(0, 0, 0);\">\u2013 <strong >SaaS<\/strong> (Software as a Service) : Ce niveau est le plus \u00e9lev\u00e9 du Cloud. Les applications sont h\u00e9berg\u00e9es directement par l\u2019\u00e9diteur de logiciel et utilisable par les clients via un navigateur Web. <\/span><a  href=\"http:\/\/lc2tech.fr\/index.php\/saas\" target=\"_blank\" rel=\"noopener noreferrer\" data-mce-selected=\"inline-boundary\"><strong ><span  style=\"color: #0000ff;\">\u00ab Nos offres d\u00e9taill\u00e9es \u00bb<\/span><\/strong><\/a><\/span>\n<br >\n<\/h4>\n<p  style=\"text-align: center;\">\n<span  style=\"color: rgb(0, 0, 0);\"><br ><span  style=\"font-family: &quot;arial black&quot;, sans-serif; font-weight: 400;\">Pour les services Iaas &amp; Paas (Infrastructure H\u00e9berg\u00e9e) merci de prendre contact.<\/span><\/span><br ><a  href=\"http:\/\/lc2tech.fr\/index.php\/contact\" target=\"_blank\" rel=\"noopener noreferrer\" data-mce-selected=\"inline-boundary\"><img decoding=\"async\"  class=\"aligncenter size-full wp-image-1591\" src=\"http:\/\/lc2tech.fr\/wp-content\/uploads\/2019\/06\/BOB-@refais.png\" alt=\"\"><span  id=\"_mce_caret\" data-mce-bogus=\"1\" data-mce-type=\"format-caret\"><span  style=\"color: rgb(0, 133, 249);\"><\/span><\/span><\/a><br >\n<\/p>\n\n<h4 ><\/h4>\n<\/div>\n<\/div>\n<\/div>\n<\/div>","protected":false},"excerpt":{"rendered":"","protected":false},"author":3,"featured_media":0,"parent":0,"menu_order":0,"comment_status":"closed","ping_status":"closed","template":"","meta":{"footnotes":""},"class_list":["post-2337","page","type-page","status-publish","hentry"],"yoast_head":"<!-- This site is optimized with the Yoast SEO plugin v23.5 - https:\/\/yoast.com\/wordpress\/plugins\/seo\/ -->\n<title>CLOUDTECH -<\/title>\n<meta name=\"robots\" content=\"index, follow, max-snippet:-1, max-image-preview:large, max-video-preview:-1\" \/>\n<link rel=\"canonical\" href=\"http:\/\/lc2tech.fr\/index.php\/cloudtech\/\" \/>\n<meta property=\"og:locale\" content=\"fr_FR\" \/>\n<meta property=\"og:type\" content=\"article\" \/>\n<meta property=\"og:title\" content=\"CLOUDTECH -\" \/>\n<meta property=\"og:url\" content=\"http:\/\/lc2tech.fr\/index.php\/cloudtech\/\" \/>\n<meta property=\"article:publisher\" content=\"https:\/\/www.facebook.com\/Lc2Tech-101653581567462\" \/>\n<meta property=\"article:modified_time\" content=\"2019-09-05T13:18:11+00:00\" \/>\n<meta property=\"og:image\" content=\"http:\/\/lc2tech.fr\/wp-content\/uploads\/2019\/06\/BOB-@refais.png\" \/>\n<meta name=\"twitter:label1\" content=\"Dur\u00e9e de lecture estim\u00e9e\" \/>\n\t<meta name=\"twitter:data1\" content=\"1 minute\" \/>\n<script type=\"application\/ld+json\" class=\"yoast-schema-graph\">{\"@context\":\"https:\/\/schema.org\",\"@graph\":[{\"@type\":\"WebPage\",\"@id\":\"http:\/\/lc2tech.fr\/index.php\/cloudtech\/\",\"url\":\"http:\/\/lc2tech.fr\/index.php\/cloudtech\/\",\"name\":\"CLOUDTECH -\",\"isPartOf\":{\"@id\":\"http:\/\/lc2tech.fr\/#website\"},\"primaryImageOfPage\":{\"@id\":\"http:\/\/lc2tech.fr\/index.php\/cloudtech\/#primaryimage\"},\"image\":{\"@id\":\"http:\/\/lc2tech.fr\/index.php\/cloudtech\/#primaryimage\"},\"thumbnailUrl\":\"http:\/\/lc2tech.fr\/wp-content\/uploads\/2019\/06\/BOB-@refais.png\",\"datePublished\":\"2019-05-04T08:54:51+00:00\",\"dateModified\":\"2019-09-05T13:18:11+00:00\",\"breadcrumb\":{\"@id\":\"http:\/\/lc2tech.fr\/index.php\/cloudtech\/#breadcrumb\"},\"inLanguage\":\"fr-FR\",\"potentialAction\":[{\"@type\":\"ReadAction\",\"target\":[\"http:\/\/lc2tech.fr\/index.php\/cloudtech\/\"]}]},{\"@type\":\"ImageObject\",\"inLanguage\":\"fr-FR\",\"@id\":\"http:\/\/lc2tech.fr\/index.php\/cloudtech\/#primaryimage\",\"url\":\"http:\/\/lc2tech.fr\/wp-content\/uploads\/2019\/06\/BOB-@refais.png\",\"contentUrl\":\"http:\/\/lc2tech.fr\/wp-content\/uploads\/2019\/06\/BOB-@refais.png\",\"width\":150,\"height\":212},{\"@type\":\"BreadcrumbList\",\"@id\":\"http:\/\/lc2tech.fr\/index.php\/cloudtech\/#breadcrumb\",\"itemListElement\":[{\"@type\":\"ListItem\",\"position\":1,\"name\":\"Accueil\",\"item\":\"http:\/\/lc2tech.fr\/\"},{\"@type\":\"ListItem\",\"position\":2,\"name\":\"CLOUDTECH\"}]},{\"@type\":\"WebSite\",\"@id\":\"http:\/\/lc2tech.fr\/#website\",\"url\":\"http:\/\/lc2tech.fr\/\",\"name\":\"Lc2Tech\",\"description\":\"Votre partenaire informatique\",\"publisher\":{\"@id\":\"http:\/\/lc2tech.fr\/#organization\"},\"potentialAction\":[{\"@type\":\"SearchAction\",\"target\":{\"@type\":\"EntryPoint\",\"urlTemplate\":\"http:\/\/lc2tech.fr\/?s={search_term_string}\"},\"query-input\":{\"@type\":\"PropertyValueSpecification\",\"valueRequired\":true,\"valueName\":\"search_term_string\"}}],\"inLanguage\":\"fr-FR\"},{\"@type\":\"Organization\",\"@id\":\"http:\/\/lc2tech.fr\/#organization\",\"name\":\"http:\/\/lc2tech.fr\",\"url\":\"http:\/\/lc2tech.fr\/\",\"logo\":{\"@type\":\"ImageObject\",\"inLanguage\":\"fr-FR\",\"@id\":\"http:\/\/lc2tech.fr\/#\/schema\/logo\/image\/\",\"url\":\"https:\/\/lc2tech.fr\/wp-content\/uploads\/2018\/09\/Web-icone.jpg\",\"contentUrl\":\"https:\/\/lc2tech.fr\/wp-content\/uploads\/2018\/09\/Web-icone.jpg\",\"width\":345,\"height\":355,\"caption\":\"http:\/\/lc2tech.fr\"},\"image\":{\"@id\":\"http:\/\/lc2tech.fr\/#\/schema\/logo\/image\/\"},\"sameAs\":[\"https:\/\/www.facebook.com\/Lc2Tech-101653581567462\",\"http:\/\/www.linkedin.com\/in\/lionel-cabaret-800086a0\"]}]}<\/script>\n<!-- \/ Yoast SEO plugin. -->","yoast_head_json":{"title":"CLOUDTECH -","robots":{"index":"index","follow":"follow","max-snippet":"max-snippet:-1","max-image-preview":"max-image-preview:large","max-video-preview":"max-video-preview:-1"},"canonical":"http:\/\/lc2tech.fr\/index.php\/cloudtech\/","og_locale":"fr_FR","og_type":"article","og_title":"CLOUDTECH -","og_url":"http:\/\/lc2tech.fr\/index.php\/cloudtech\/","article_publisher":"https:\/\/www.facebook.com\/Lc2Tech-101653581567462","article_modified_time":"2019-09-05T13:18:11+00:00","og_image":[{"url":"http:\/\/lc2tech.fr\/wp-content\/uploads\/2019\/06\/BOB-@refais.png"}],"twitter_misc":{"Dur\u00e9e de lecture estim\u00e9e":"1 minute"},"schema":{"@context":"https:\/\/schema.org","@graph":[{"@type":"WebPage","@id":"http:\/\/lc2tech.fr\/index.php\/cloudtech\/","url":"http:\/\/lc2tech.fr\/index.php\/cloudtech\/","name":"CLOUDTECH -","isPartOf":{"@id":"http:\/\/lc2tech.fr\/#website"},"primaryImageOfPage":{"@id":"http:\/\/lc2tech.fr\/index.php\/cloudtech\/#primaryimage"},"image":{"@id":"http:\/\/lc2tech.fr\/index.php\/cloudtech\/#primaryimage"},"thumbnailUrl":"http:\/\/lc2tech.fr\/wp-content\/uploads\/2019\/06\/BOB-@refais.png","datePublished":"2019-05-04T08:54:51+00:00","dateModified":"2019-09-05T13:18:11+00:00","breadcrumb":{"@id":"http:\/\/lc2tech.fr\/index.php\/cloudtech\/#breadcrumb"},"inLanguage":"fr-FR","potentialAction":[{"@type":"ReadAction","target":["http:\/\/lc2tech.fr\/index.php\/cloudtech\/"]}]},{"@type":"ImageObject","inLanguage":"fr-FR","@id":"http:\/\/lc2tech.fr\/index.php\/cloudtech\/#primaryimage","url":"http:\/\/lc2tech.fr\/wp-content\/uploads\/2019\/06\/BOB-@refais.png","contentUrl":"http:\/\/lc2tech.fr\/wp-content\/uploads\/2019\/06\/BOB-@refais.png","width":150,"height":212},{"@type":"BreadcrumbList","@id":"http:\/\/lc2tech.fr\/index.php\/cloudtech\/#breadcrumb","itemListElement":[{"@type":"ListItem","position":1,"name":"Accueil","item":"http:\/\/lc2tech.fr\/"},{"@type":"ListItem","position":2,"name":"CLOUDTECH"}]},{"@type":"WebSite","@id":"http:\/\/lc2tech.fr\/#website","url":"http:\/\/lc2tech.fr\/","name":"Lc2Tech","description":"Votre partenaire informatique","publisher":{"@id":"http:\/\/lc2tech.fr\/#organization"},"potentialAction":[{"@type":"SearchAction","target":{"@type":"EntryPoint","urlTemplate":"http:\/\/lc2tech.fr\/?s={search_term_string}"},"query-input":{"@type":"PropertyValueSpecification","valueRequired":true,"valueName":"search_term_string"}}],"inLanguage":"fr-FR"},{"@type":"Organization","@id":"http:\/\/lc2tech.fr\/#organization","name":"http:\/\/lc2tech.fr","url":"http:\/\/lc2tech.fr\/","logo":{"@type":"ImageObject","inLanguage":"fr-FR","@id":"http:\/\/lc2tech.fr\/#\/schema\/logo\/image\/","url":"https:\/\/lc2tech.fr\/wp-content\/uploads\/2018\/09\/Web-icone.jpg","contentUrl":"https:\/\/lc2tech.fr\/wp-content\/uploads\/2018\/09\/Web-icone.jpg","width":345,"height":355,"caption":"http:\/\/lc2tech.fr"},"image":{"@id":"http:\/\/lc2tech.fr\/#\/schema\/logo\/image\/"},"sameAs":["https:\/\/www.facebook.com\/Lc2Tech-101653581567462","http:\/\/www.linkedin.com\/in\/lionel-cabaret-800086a0"]}]}},"_links":{"self":[{"href":"http:\/\/lc2tech.fr\/index.php\/wp-json\/wp\/v2\/pages\/2337","targetHints":{"allow":["GET"]}}],"collection":[{"href":"http:\/\/lc2tech.fr\/index.php\/wp-json\/wp\/v2\/pages"}],"about":[{"href":"http:\/\/lc2tech.fr\/index.php\/wp-json\/wp\/v2\/types\/page"}],"author":[{"embeddable":true,"href":"http:\/\/lc2tech.fr\/index.php\/wp-json\/wp\/v2\/users\/3"}],"replies":[{"embeddable":true,"href":"http:\/\/lc2tech.fr\/index.php\/wp-json\/wp\/v2\/comments?post=2337"}],"version-history":[{"count":90,"href":"http:\/\/lc2tech.fr\/index.php\/wp-json\/wp\/v2\/pages\/2337\/revisions"}],"predecessor-version":[{"id":3149,"href":"http:\/\/lc2tech.fr\/index.php\/wp-json\/wp\/v2\/pages\/2337\/revisions\/3149"}],"wp:attachment":[{"href":"http:\/\/lc2tech.fr\/index.php\/wp-json\/wp\/v2\/media?parent=2337"}],"curies":[{"name":"wp","href":"https:\/\/api.w.org\/{rel}","templated":true}]}}