{"id":157,"date":"2018-09-25T19:39:07","date_gmt":"2018-09-25T17:39:07","guid":{"rendered":"http:\/\/lc2tech.fr\/?page_id=157"},"modified":"2021-02-28T20:30:47","modified_gmt":"2021-02-28T19:30:47","slug":"telechargements","status":"publish","type":"page","link":"http:\/\/lc2tech.fr\/index.php\/telechargements\/","title":{"rendered":"TELECHARGEMENTS"},"content":{"rendered":"\n<div class=\"wp-block-group\"><div class=\"wp-block-group__inner-container is-layout-flow wp-block-group-is-layout-flow\">\n<div class=\"wp-block-columns is-layout-flex wp-container-core-columns-is-layout-9d6595d7 wp-block-columns-is-layout-flex\">\n<div class=\"wp-block-column is-layout-flow wp-block-column-is-layout-flow\" style=\"flex-basis:100%\">\n<div class=\"wp-block-group\"><div class=\"wp-block-group__inner-container is-layout-flow wp-block-group-is-layout-flow\">\n<div data-id=\"initial-content-section\" data-export-id=\"initial-content-section\" data-label=\"Initial Content\" id=\"initial-content-section\" class=\"content-section content-section-spacing\">\n   <div class=\"gridContainer\">\n     <div class=\"row\">\n\n        <div class=\"col-xs-12 col-sm-12\">                <h4 style=\"text-align: justify;\"><span style=\"color: rgb(0, 0, 0);\"><strong>\n<br>Pour la bonne marche de vos syst\u00e8mes informatiques, voici une liste d\u2019outils en ligne ou \u00e0 t\u00e9l\u00e9charger pour vous faciliter le bon fonctionnement de vos ordinateurs. Si vous devez t\u00e9l\u00e9charger un logiciel, <\/strong> <strong>faites attention \u00e0 bien le t\u00e9l\u00e9charger sur le site internet officiel de l\u2019\u00e9diteur.&nbsp;&nbsp;<\/strong><\/span><\/h4>\n<h4><span style=\"color: #808080;\"><strong>&nbsp;&nbsp;&nbsp;&nbsp;&nbsp;&nbsp;&nbsp; &nbsp;&nbsp;&nbsp;&nbsp;&nbsp;<\/strong><\/span><\/h4>\n<h4>&nbsp;<\/h4>\n<h4 style=\"text-align: left;\"><span style=\"color: #808080;\"><a style=\"color: #808080;\" href=\"https:\/\/go.teamviewer.com\/wch9szk\" target=\"_blank\" rel=\"noreferrer noopener\" class=\"\" data-mce-selected=\"inline-boundary\"><img decoding=\"async\" loading=\"lazy\" width=\"125\" height=\"125\" class=\"wp-image-1689 alignleft\" src=\"http:\/\/lc2tech.fr\/wp-content\/uploads\/2019\/02\/teamviewer.png\" alt=\"\"><\/a><span style=\"color: #ffffff;\"><span style=\"color: rgb(0, 0, 0);\">\u2013<strong>TEAMVIEWER<\/strong> : Permet \u00e0 LC2TECH de se connecter \u00e0 distance sur votre machine en toute s\u00e9curit\u00e9,\n \npour d\u00e9panner ou mettre \u00e0 jour votre ordinateur. <\/span><\/span><\/span><span style=\"color: #0000ff;\"><a style=\"color: #0000ff;\" href=\"https:\/\/go.teamviewer.com\/wch9szk\" target=\"_blank\" rel=\"noreferrer noopener\" aria-label=\"Cliquez ICI (s\u2019ouvre dans un nouvel onglet)\" class=\"\" data-mce-selected=\"inline-boundary\" data-cp-link=\"1\">Cliquez ICI<\/a><\/span><span id=\"_mce_caret\" data-mce-bogus=\"1\" data-mce-type=\"format-caret\"><span style=\"color: rgb(0, 0, 0);\">\ufeff pour le t\u00e9l\u00e9charger.<\/span><\/span><\/h4>\n<h4>&nbsp;<\/h4>\n<p><\/p>\n<p><\/p>\n<h4><a href=\"https:\/\/fr.malwarebytes.com\/adwcleaner\" target=\"_blank\" rel=\"noreferrer noopener\" class=\"\" data-mce-selected=\"inline-boundary\"><img decoding=\"async\" loading=\"lazy\" width=\"125\" height=\"125\" class=\"wp-image-1704 alignleft\" src=\"http:\/\/lc2tech.fr\/wp-content\/uploads\/2019\/02\/adwcleaner-petit-1.png\" alt=\"\"><\/a><span style=\"color: rgb(0, 0, 0);\">\u2013<strong>ADWCLEANER<\/strong> : permet de supprimer facilement les logiciels ind\u00e9sirables du type Adware, toolbar, PUP\/LPI (programmes potentiellement ind\u00e9sirables) et hijacker. Cet outil de nettoyage tr\u00e8s intuitif dispose d\u2019un mode recherche et d\u2019un mode suppression accessibles par un simple clic.&nbsp;<\/span><span style=\"color: #0000ff;\"><a style=\"color: #0000ff;\" href=\"https:\/\/fr.malwarebytes.com\/adwcleaner\" target=\"_blank\" rel=\"noreferrer noopener\" aria-label=\" Cliquez ICI  (s\u2019ouvre dans un nouvel onglet)\" class=\"\" data-mce-selected=\"inline-boundary\"> Cliquez ICI&nbsp; <\/a><\/span><span style=\"color: rgb(0, 0, 0);\">pour t\u00e9l\u00e9charger le fichier d\u2019installation sur le site de l\u2019\u00e9diteur officiel.<\/span><\/h4>\n<h4>&nbsp;<\/h4>\n<h4>&nbsp;<\/h4>\n<h4><span style=\"color: #808080;\"><a style=\"color: #808080;\" href=\"https:\/\/www.nicolascoolman.com\/fr\/en\/download\/zhpcleaner-2\" target=\"_blank\" rel=\"noreferrer noopener\" class=\"\" data-mce-selected=\"inline-boundary\"><img decoding=\"async\" loading=\"lazy\" width=\"125\" height=\"125\" class=\"wp-image-1706 alignleft\" src=\"http:\/\/lc2tech.fr\/wp-content\/uploads\/2019\/02\/ZHPCleanerForm-petit-1.jpg\" alt=\"\"><\/a><span style=\"color: rgb(0, 0, 0);\">\u2013<strong>ZHPCLENER<\/strong> : est un logiciel gratuit con\u00e7u pour combattre les pirates de navigateurs (Hijackers). Son objectif principal est de r\u00e9tablir les param\u00e8tres Proxy et de supprimer les redirections des navigateurs.<\/span><\/span> <span style=\"color: #0000ff;\"><a style=\"color: #0000ff;\" href=\"https:\/\/www.nicolascoolman.com\/fr\/en\/download\/zhpcleaner-2\" target=\"_blank\" rel=\"noreferrer noopener\" aria-label=\"Cliquez ICI (s\u2019ouvre dans un nouvel onglet)\" class=\"\">Cliquez ICI<\/a> <\/span><span style=\"color: rgb(0, 0, 0);\">pour t\u00e9l\u00e9chargez le fichier d\u2019installation sur le site de l\u2019\u00e9diteur officiel.<\/span><\/h4>\n<h4>&nbsp;<\/h4>\n<h4>&nbsp;<\/h4>\n<h4>&nbsp;<\/h4>\n<h4><a href=\"https:\/\/www.ccleaner.com\/fr-fr\" target=\"_blank\" rel=\"noreferrer noopener\" class=\"\" data-mce-selected=\"inline-boundary\"><img decoding=\"async\" loading=\"lazy\" width=\"125\" height=\"125\" class=\"wp-image-1708 alignleft\" src=\"http:\/\/lc2tech.fr\/wp-content\/uploads\/2019\/02\/clcleaner-petit-1.jpg\" alt=\"\"><\/a><span style=\"color: rgb(0, 0, 0);\">\u2013<strong>CCLEANER<\/strong> : Optimisez votre PC, prot\u00e9gez votre vie priv\u00e9e et acc\u00e9l\u00e9rez toutes vos activit\u00e9s. <\/span><span style=\"color: #0000ff;\"><a style=\"color: #0000ff;\" href=\"https:\/\/www.ccleaner.com\/fr-fr\" target=\"_blank\" rel=\"noreferrer noopener\" aria-label=\"Cliquez ICI (s\u2019ouvre dans un nouvel onglet)\" class=\"\">Cliquez ICI<\/a><\/span> <span style=\"color: rgb(0, 0, 0);\">pour t\u00e9l\u00e9chargez le fichier d\u2019installation sur le site de l\u2019\u00e9diteur officiel.<\/span><\/h4>\n<h4>&nbsp;<\/h4>\n<h4>&nbsp;<\/h4>\n<h4>&nbsp;<\/h4>\n<h4><span style=\"color: #808080;\"><a style=\"color: #808080;\" href=\"https:\/\/free.kaspersky.com\/endoflife\" target=\"_blank\" rel=\"noreferrer noopener\" class=\"\"><img decoding=\"async\" loading=\"lazy\" width=\"125\" height=\"125\" class=\"wp-image-1711 alignleft\" src=\"http:\/\/lc2tech.fr\/wp-content\/uploads\/2019\/02\/Kaspesky-Antivirus-petit-1.png\" alt=\"\"><\/a><span style=\"color: rgb(0, 0, 0);\">\u2013<strong>KASPERSKY<\/strong> : Outil d\u2019analyse virale de votre ordinateur.<\/span><\/span><span style=\"color: #0000ff;\"><a style=\"color: #0000ff;\" href=\"https:\/\/free.kaspersky.com\/endoflife\" target=\"_blank\" rel=\"noreferrer noopener\" aria-label=\" Cliquez ICI (s\u2019ouvre dans un nouvel onglet)\" class=\"\"> Cliquez ICI<\/a> <\/span><span style=\"color: rgb(0, 0, 0);\">pour t\u00e9l\u00e9chargez le fichier d\u2019installation sur le site de l\u2019\u00e9diteur officiel.<\/span><\/h4>\n<p>&nbsp;<\/p>\n<p>&nbsp;<\/p>\n<p style=\"text-align: center;\"><a href=\"http:\/\/lc2tech.fr\/index.php\/contact\" target=\"_blank\" rel=\"noopener noreferrer\" data-mce-selected=\"inline-boundary\">\ufeff<img decoding=\"async\" class=\"size-full wp-image-1591 aligncenter\" src=\"http:\/\/lc2tech.fr\/wp-content\/uploads\/2019\/06\/BOB-@refais.png\" alt=\"\">\ufeff<\/a><\/p>\n\n          <\/div>\n      <\/div>\n  <\/div>\n<\/div>\n<\/div><\/div>\n<\/div>\n<\/div>\n<\/div><\/div>\n","protected":false},"excerpt":{"rendered":"","protected":false},"author":3,"featured_media":0,"parent":0,"menu_order":0,"comment_status":"closed","ping_status":"closed","template":"pro\/page-templates\/full-width-page.php","meta":{"footnotes":""},"class_list":["post-157","page","type-page","status-publish","hentry"],"yoast_head":"<!-- This site is optimized with the Yoast SEO plugin v23.5 - https:\/\/yoast.com\/wordpress\/plugins\/seo\/ -->\n<title>TELECHARGEMENTS -<\/title>\n<meta name=\"robots\" content=\"index, follow, max-snippet:-1, max-image-preview:large, max-video-preview:-1\" \/>\n<link rel=\"canonical\" href=\"http:\/\/lc2tech.fr\/index.php\/telechargements\/\" \/>\n<meta property=\"og:locale\" content=\"fr_FR\" \/>\n<meta property=\"og:type\" content=\"article\" \/>\n<meta property=\"og:title\" content=\"TELECHARGEMENTS -\" \/>\n<meta property=\"og:url\" content=\"http:\/\/lc2tech.fr\/index.php\/telechargements\/\" \/>\n<meta property=\"article:publisher\" content=\"https:\/\/www.facebook.com\/Lc2Tech-101653581567462\" \/>\n<meta property=\"article:modified_time\" content=\"2021-02-28T19:30:47+00:00\" \/>\n<meta property=\"og:image\" content=\"http:\/\/lc2tech.fr\/wp-content\/uploads\/2019\/02\/teamviewer.png\" \/>\n<meta name=\"twitter:label1\" content=\"Dur\u00e9e de lecture estim\u00e9e\" \/>\n\t<meta name=\"twitter:data1\" content=\"3 minutes\" \/>\n<script type=\"application\/ld+json\" class=\"yoast-schema-graph\">{\"@context\":\"https:\/\/schema.org\",\"@graph\":[{\"@type\":\"WebPage\",\"@id\":\"http:\/\/lc2tech.fr\/index.php\/telechargements\/\",\"url\":\"http:\/\/lc2tech.fr\/index.php\/telechargements\/\",\"name\":\"TELECHARGEMENTS -\",\"isPartOf\":{\"@id\":\"http:\/\/lc2tech.fr\/#website\"},\"primaryImageOfPage\":{\"@id\":\"http:\/\/lc2tech.fr\/index.php\/telechargements\/#primaryimage\"},\"image\":{\"@id\":\"http:\/\/lc2tech.fr\/index.php\/telechargements\/#primaryimage\"},\"thumbnailUrl\":\"http:\/\/lc2tech.fr\/wp-content\/uploads\/2019\/02\/teamviewer.png\",\"datePublished\":\"2018-09-25T17:39:07+00:00\",\"dateModified\":\"2021-02-28T19:30:47+00:00\",\"breadcrumb\":{\"@id\":\"http:\/\/lc2tech.fr\/index.php\/telechargements\/#breadcrumb\"},\"inLanguage\":\"fr-FR\",\"potentialAction\":[{\"@type\":\"ReadAction\",\"target\":[\"http:\/\/lc2tech.fr\/index.php\/telechargements\/\"]}]},{\"@type\":\"ImageObject\",\"inLanguage\":\"fr-FR\",\"@id\":\"http:\/\/lc2tech.fr\/index.php\/telechargements\/#primaryimage\",\"url\":\"http:\/\/lc2tech.fr\/wp-content\/uploads\/2019\/02\/teamviewer.png\",\"contentUrl\":\"http:\/\/lc2tech.fr\/wp-content\/uploads\/2019\/02\/teamviewer.png\",\"width\":125,\"height\":125},{\"@type\":\"BreadcrumbList\",\"@id\":\"http:\/\/lc2tech.fr\/index.php\/telechargements\/#breadcrumb\",\"itemListElement\":[{\"@type\":\"ListItem\",\"position\":1,\"name\":\"Accueil\",\"item\":\"http:\/\/lc2tech.fr\/\"},{\"@type\":\"ListItem\",\"position\":2,\"name\":\"TELECHARGEMENTS\"}]},{\"@type\":\"WebSite\",\"@id\":\"http:\/\/lc2tech.fr\/#website\",\"url\":\"http:\/\/lc2tech.fr\/\",\"name\":\"Lc2Tech\",\"description\":\"Votre partenaire informatique\",\"publisher\":{\"@id\":\"http:\/\/lc2tech.fr\/#organization\"},\"potentialAction\":[{\"@type\":\"SearchAction\",\"target\":{\"@type\":\"EntryPoint\",\"urlTemplate\":\"http:\/\/lc2tech.fr\/?s={search_term_string}\"},\"query-input\":{\"@type\":\"PropertyValueSpecification\",\"valueRequired\":true,\"valueName\":\"search_term_string\"}}],\"inLanguage\":\"fr-FR\"},{\"@type\":\"Organization\",\"@id\":\"http:\/\/lc2tech.fr\/#organization\",\"name\":\"http:\/\/lc2tech.fr\",\"url\":\"http:\/\/lc2tech.fr\/\",\"logo\":{\"@type\":\"ImageObject\",\"inLanguage\":\"fr-FR\",\"@id\":\"http:\/\/lc2tech.fr\/#\/schema\/logo\/image\/\",\"url\":\"https:\/\/lc2tech.fr\/wp-content\/uploads\/2018\/09\/Web-icone.jpg\",\"contentUrl\":\"https:\/\/lc2tech.fr\/wp-content\/uploads\/2018\/09\/Web-icone.jpg\",\"width\":345,\"height\":355,\"caption\":\"http:\/\/lc2tech.fr\"},\"image\":{\"@id\":\"http:\/\/lc2tech.fr\/#\/schema\/logo\/image\/\"},\"sameAs\":[\"https:\/\/www.facebook.com\/Lc2Tech-101653581567462\",\"http:\/\/www.linkedin.com\/in\/lionel-cabaret-800086a0\"]}]}<\/script>\n<!-- \/ Yoast SEO plugin. -->","yoast_head_json":{"title":"TELECHARGEMENTS -","robots":{"index":"index","follow":"follow","max-snippet":"max-snippet:-1","max-image-preview":"max-image-preview:large","max-video-preview":"max-video-preview:-1"},"canonical":"http:\/\/lc2tech.fr\/index.php\/telechargements\/","og_locale":"fr_FR","og_type":"article","og_title":"TELECHARGEMENTS -","og_url":"http:\/\/lc2tech.fr\/index.php\/telechargements\/","article_publisher":"https:\/\/www.facebook.com\/Lc2Tech-101653581567462","article_modified_time":"2021-02-28T19:30:47+00:00","og_image":[{"url":"http:\/\/lc2tech.fr\/wp-content\/uploads\/2019\/02\/teamviewer.png"}],"twitter_misc":{"Dur\u00e9e de lecture estim\u00e9e":"3 minutes"},"schema":{"@context":"https:\/\/schema.org","@graph":[{"@type":"WebPage","@id":"http:\/\/lc2tech.fr\/index.php\/telechargements\/","url":"http:\/\/lc2tech.fr\/index.php\/telechargements\/","name":"TELECHARGEMENTS -","isPartOf":{"@id":"http:\/\/lc2tech.fr\/#website"},"primaryImageOfPage":{"@id":"http:\/\/lc2tech.fr\/index.php\/telechargements\/#primaryimage"},"image":{"@id":"http:\/\/lc2tech.fr\/index.php\/telechargements\/#primaryimage"},"thumbnailUrl":"http:\/\/lc2tech.fr\/wp-content\/uploads\/2019\/02\/teamviewer.png","datePublished":"2018-09-25T17:39:07+00:00","dateModified":"2021-02-28T19:30:47+00:00","breadcrumb":{"@id":"http:\/\/lc2tech.fr\/index.php\/telechargements\/#breadcrumb"},"inLanguage":"fr-FR","potentialAction":[{"@type":"ReadAction","target":["http:\/\/lc2tech.fr\/index.php\/telechargements\/"]}]},{"@type":"ImageObject","inLanguage":"fr-FR","@id":"http:\/\/lc2tech.fr\/index.php\/telechargements\/#primaryimage","url":"http:\/\/lc2tech.fr\/wp-content\/uploads\/2019\/02\/teamviewer.png","contentUrl":"http:\/\/lc2tech.fr\/wp-content\/uploads\/2019\/02\/teamviewer.png","width":125,"height":125},{"@type":"BreadcrumbList","@id":"http:\/\/lc2tech.fr\/index.php\/telechargements\/#breadcrumb","itemListElement":[{"@type":"ListItem","position":1,"name":"Accueil","item":"http:\/\/lc2tech.fr\/"},{"@type":"ListItem","position":2,"name":"TELECHARGEMENTS"}]},{"@type":"WebSite","@id":"http:\/\/lc2tech.fr\/#website","url":"http:\/\/lc2tech.fr\/","name":"Lc2Tech","description":"Votre partenaire informatique","publisher":{"@id":"http:\/\/lc2tech.fr\/#organization"},"potentialAction":[{"@type":"SearchAction","target":{"@type":"EntryPoint","urlTemplate":"http:\/\/lc2tech.fr\/?s={search_term_string}"},"query-input":{"@type":"PropertyValueSpecification","valueRequired":true,"valueName":"search_term_string"}}],"inLanguage":"fr-FR"},{"@type":"Organization","@id":"http:\/\/lc2tech.fr\/#organization","name":"http:\/\/lc2tech.fr","url":"http:\/\/lc2tech.fr\/","logo":{"@type":"ImageObject","inLanguage":"fr-FR","@id":"http:\/\/lc2tech.fr\/#\/schema\/logo\/image\/","url":"https:\/\/lc2tech.fr\/wp-content\/uploads\/2018\/09\/Web-icone.jpg","contentUrl":"https:\/\/lc2tech.fr\/wp-content\/uploads\/2018\/09\/Web-icone.jpg","width":345,"height":355,"caption":"http:\/\/lc2tech.fr"},"image":{"@id":"http:\/\/lc2tech.fr\/#\/schema\/logo\/image\/"},"sameAs":["https:\/\/www.facebook.com\/Lc2Tech-101653581567462","http:\/\/www.linkedin.com\/in\/lionel-cabaret-800086a0"]}]}},"_links":{"self":[{"href":"http:\/\/lc2tech.fr\/index.php\/wp-json\/wp\/v2\/pages\/157","targetHints":{"allow":["GET"]}}],"collection":[{"href":"http:\/\/lc2tech.fr\/index.php\/wp-json\/wp\/v2\/pages"}],"about":[{"href":"http:\/\/lc2tech.fr\/index.php\/wp-json\/wp\/v2\/types\/page"}],"author":[{"embeddable":true,"href":"http:\/\/lc2tech.fr\/index.php\/wp-json\/wp\/v2\/users\/3"}],"replies":[{"embeddable":true,"href":"http:\/\/lc2tech.fr\/index.php\/wp-json\/wp\/v2\/comments?post=157"}],"version-history":[{"count":166,"href":"http:\/\/lc2tech.fr\/index.php\/wp-json\/wp\/v2\/pages\/157\/revisions"}],"predecessor-version":[{"id":3242,"href":"http:\/\/lc2tech.fr\/index.php\/wp-json\/wp\/v2\/pages\/157\/revisions\/3242"}],"wp:attachment":[{"href":"http:\/\/lc2tech.fr\/index.php\/wp-json\/wp\/v2\/media?parent=157"}],"curies":[{"name":"wp","href":"https:\/\/api.w.org\/{rel}","templated":true}]}}